{"id":727,"date":"2025-02-06T11:21:40","date_gmt":"2025-02-06T11:21:40","guid":{"rendered":"https:\/\/betonsportproject.eu\/activities-gallery\/"},"modified":"2025-05-06T09:22:19","modified_gmt":"2025-05-06T09:22:19","slug":"activities-gallery","status":"publish","type":"page","link":"https:\/\/betonsportproject.eu\/es\/activities-gallery\/","title":{"rendered":"Actividades y Galer\u00eda"},"content":{"rendered":"\t\t<div data-elementor-type=\"wp-page\" data-elementor-id=\"727\" class=\"elementor elementor-727 elementor-133\" data-elementor-post-type=\"page\">\n\t\t\t\t<div class=\"elementor-element elementor-element-c3e23ab e-flex e-con-boxed e-con e-parent\" data-id=\"c3e23ab\" data-element_type=\"container\">\n\t\t\t\t\t<div class=\"e-con-inner\">\n\t\t\t\t<div class=\"elementor-element elementor-element-8120a96 elementor-widget elementor-widget-heading\" data-id=\"8120a96\" data-element_type=\"widget\" data-widget_type=\"heading.default\">\n\t\t\t\t<div class=\"elementor-widget-container\">\n\t\t\t\t\t<h2 class=\"elementor-heading-title elementor-size-default\">Actividades y Galer\u00eda<\/h2>\t\t\t\t<\/div>\n\t\t\t\t<\/div>\n\t\t<div class=\"elementor-element elementor-element-1b65f4b e-con-full e-flex e-con e-child\" data-id=\"1b65f4b\" data-element_type=\"container\">\n\t\t<div class=\"elementor-element elementor-element-0d875da e-con-full e-flex e-con e-child\" data-id=\"0d875da\" data-element_type=\"container\">\n\t\t\t\t<div class=\"elementor-element elementor-element-7c00cb4 elementor-widget elementor-widget-image\" data-id=\"7c00cb4\" data-element_type=\"widget\" data-settings=\"{&quot;motion_fx_motion_fx_mouse&quot;:&quot;yes&quot;,&quot;motion_fx_mouseTrack_effect&quot;:&quot;yes&quot;,&quot;motion_fx_mouseTrack_speed&quot;:{&quot;unit&quot;:&quot;px&quot;,&quot;size&quot;:0.5,&quot;sizes&quot;:[]}}\" data-widget_type=\"image.default\">\n\t\t\t\t<div class=\"elementor-widget-container\">\n\t\t\t\t\t\t\t\t\t\t\t\t<figure class=\"wp-caption\">\n\t\t\t\t\t\t\t\t\t\t<img fetchpriority=\"high\" decoding=\"async\" width=\"500\" height=\"500\" src=\"https:\/\/betonsportproject.eu\/wp-content\/uploads\/2025\/02\/Activities.png\" class=\"attachment-full size-full wp-image-728\" alt=\"\" srcset=\"https:\/\/betonsportproject.eu\/wp-content\/uploads\/2025\/02\/Activities.png 500w, https:\/\/betonsportproject.eu\/wp-content\/uploads\/2025\/02\/Activities-300x300.png 300w, https:\/\/betonsportproject.eu\/wp-content\/uploads\/2025\/02\/Activities-150x150.png 150w\" sizes=\"(max-width: 500px) 100vw, 500px\" \/>\t\t\t\t\t\t\t\t\t\t\t<figcaption class=\"widget-image-caption wp-caption-text\">Image by vectorjuice on Freepik<\/figcaption>\n\t\t\t\t\t\t\t\t\t\t<\/figure>\n\t\t\t\t\t\t\t\t\t<\/div>\n\t\t\t\t<\/div>\n\t\t\t\t<\/div>\n\t\t<div class=\"elementor-element elementor-element-0cc18f2 e-con-full e-flex e-con e-child\" data-id=\"0cc18f2\" data-element_type=\"container\">\n\t\t\t\t<div class=\"elementor-element elementor-element-d57e0b8 elementor-widget elementor-widget-text-editor\" data-id=\"d57e0b8\" data-element_type=\"widget\" data-widget_type=\"text-editor.default\">\n\t\t\t\t<div class=\"elementor-widget-container\">\n\t\t\t\t\t\t\t\t\t<p><strong>Bet on Sport <\/strong>organiza una amplia gama de actividades dise\u00f1adas para apoyar a las personas afectadas por la adicci\u00f3n al juego deportivo a trav\u00e9s del poder transformador de la actividad f\u00edsica. Nuestras iniciativas pretenden fomentar el bienestar mental, promover h\u00e1bitos saludables y fomentar la inclusi\u00f3n social en comunidades diversas.<\/p><p>Desde talleres educativos y sesiones de formaci\u00f3n profesional hasta eventos deportivos locales y campa\u00f1as de sensibilizaci\u00f3n, nuestras actividades est\u00e1n dise\u00f1adas para implicar tanto a las personas como a las comunidades. Estos programas no s\u00f3lo proporcionan herramientas para la recuperaci\u00f3n, sino que tambi\u00e9n crean oportunidades para la conexi\u00f3n, la resiliencia y el crecimiento personal.<\/p><p><em>Est\u00e9 atento para obtener informaci\u00f3n detallada sobre nuestros talleres, eventos comunitarios y programas de formaci\u00f3n especializada que se a\u00f1adir\u00e1n pr\u00f3ximamente.<\/em><\/p>\t\t\t\t\t\t\t\t<\/div>\n\t\t\t\t<\/div>\n\t\t\t\t<\/div>\n\t\t\t\t<\/div>\n\t\t\t\t<div class=\"elementor-element elementor-element-d6f151b elementor-widget-divider--separator-type-pattern elementor-widget-divider--view-line elementor-widget elementor-widget-divider\" data-id=\"d6f151b\" data-element_type=\"widget\" data-widget_type=\"divider.default\">\n\t\t\t\t<div class=\"elementor-widget-container\">\n\t\t\t\t\t\t\t<div class=\"elementor-divider\" style=\"--divider-pattern-url: url(&quot;data:image\/svg+xml,%3Csvg xmlns=&#039;http:\/\/www.w3.org\/2000\/svg&#039; preserveAspectRatio=&#039;none&#039; overflow=&#039;visible&#039; height=&#039;100%&#039; viewBox=&#039;0 0 20 16&#039; fill=&#039;none&#039; stroke=&#039;black&#039; stroke-width=&#039;1&#039; stroke-linecap=&#039;square&#039; stroke-miterlimit=&#039;10&#039;%3E%3Cg transform=&#039;translate(-12.000000, 0)&#039;%3E%3Cpath d=&#039;M28,0L10,18&#039;\/%3E%3Cpath d=&#039;M18,0L0,18&#039;\/%3E%3Cpath d=&#039;M48,0L30,18&#039;\/%3E%3Cpath d=&#039;M38,0L20,18&#039;\/%3E%3C\/g%3E%3C\/svg%3E&quot;);\">\n\t\t\t<span class=\"elementor-divider-separator\">\n\t\t\t\t\t\t<\/span>\n\t\t<\/div>\n\t\t\t\t\t\t<\/div>\n\t\t\t\t<\/div>\n\t\t<div class=\"elementor-element elementor-element-b36f560 e-con-full e-flex e-con e-child\" data-id=\"b36f560\" data-element_type=\"container\">\n\t\t<div class=\"elementor-element elementor-element-05ca449 e-con-full e-flex e-con e-child\" data-id=\"05ca449\" data-element_type=\"container\">\n\t\t\t\t<div class=\"elementor-element elementor-element-f9151f0 elementor-widget elementor-widget-text-editor\" data-id=\"f9151f0\" data-element_type=\"widget\" data-widget_type=\"text-editor.default\">\n\t\t\t\t<div class=\"elementor-widget-container\">\n\t\t\t\t\t\t\t\t\t<p>Nuestra <strong>galer\u00eda <\/strong>mostrar\u00e1 los momentos vibrantes y las experiencias impactantes del proyecto Apuesta por el deporte. A trav\u00e9s de fotos y v\u00eddeos, pretendemos captar la esencia de nuestras actividades, la energ\u00eda de los participantes y las transformaciones positivas impulsadas por el deporte.<\/p><p>Aqu\u00ed encontrar\u00e1s momentos inspiradores de sesiones de entrenamiento, eventos comunitarios, campa\u00f1as de concienciaci\u00f3n y mucho m\u00e1s, ofreciendo un viaje visual a trav\u00e9s de los hitos del proyecto..<\/p>\t\t\t\t\t\t\t\t<\/div>\n\t\t\t\t<\/div>\n\t\t\t\t<\/div>\n\t\t<div class=\"elementor-element elementor-element-32085dc e-con-full e-flex e-con e-child\" data-id=\"32085dc\" data-element_type=\"container\">\n\t\t\t\t<div class=\"elementor-element elementor-element-78db63f elementor-widget elementor-widget-image\" data-id=\"78db63f\" data-element_type=\"widget\" data-settings=\"{&quot;motion_fx_motion_fx_mouse&quot;:&quot;yes&quot;,&quot;motion_fx_mouseTrack_effect&quot;:&quot;yes&quot;,&quot;motion_fx_mouseTrack_speed&quot;:{&quot;unit&quot;:&quot;px&quot;,&quot;size&quot;:0.5,&quot;sizes&quot;:[]}}\" data-widget_type=\"image.default\">\n\t\t\t\t<div class=\"elementor-widget-container\">\n\t\t\t\t\t\t\t\t\t\t\t\t<figure class=\"wp-caption\">\n\t\t\t\t\t\t\t\t\t\t<img decoding=\"async\" width=\"500\" height=\"500\" src=\"https:\/\/betonsportproject.eu\/wp-content\/uploads\/2025\/02\/gallery.png\" class=\"attachment-full size-full wp-image-735\" alt=\"\" srcset=\"https:\/\/betonsportproject.eu\/wp-content\/uploads\/2025\/02\/gallery.png 500w, https:\/\/betonsportproject.eu\/wp-content\/uploads\/2025\/02\/gallery-300x300.png 300w, https:\/\/betonsportproject.eu\/wp-content\/uploads\/2025\/02\/gallery-150x150.png 150w\" sizes=\"(max-width: 500px) 100vw, 500px\" \/>\t\t\t\t\t\t\t\t\t\t\t<figcaption class=\"widget-image-caption wp-caption-text\">Image by vectorjuice on Freepik<\/figcaption>\n\t\t\t\t\t\t\t\t\t\t<\/figure>\n\t\t\t\t\t\t\t\t\t<\/div>\n\t\t\t\t<\/div>\n\t\t\t\t<\/div>\n\t\t\t\t<\/div>\n\t\t\t\t\t<\/div>\n\t\t\t\t<\/div>\n\t\t\t\t<\/div>\n\t\t","protected":false},"excerpt":{"rendered":"<p>Image by vectorjuice on Freepik Bet on Sport organiza una amplia gama de actividades dise\u00f1adas para apoyar a las personas afectadas por la adicci\u00f3n al juego deportivo a trav\u00e9s del poder transformador de la actividad f\u00edsica. Nuestras iniciativas pretenden fomentar el bienestar mental, promover h\u00e1bitos saludables y fomentar la inclusi\u00f3n social en comunidades diversas. Desde [&hellip;]<\/p>\n","protected":false},"author":2,"featured_media":0,"parent":0,"menu_order":0,"comment_status":"closed","ping_status":"closed","template":"","meta":{"footnotes":""},"class_list":["post-727","page","type-page","status-publish","hentry"],"_links":{"self":[{"href":"https:\/\/betonsportproject.eu\/es\/wp-json\/wp\/v2\/pages\/727","targetHints":{"allow":["GET"]}}],"collection":[{"href":"https:\/\/betonsportproject.eu\/es\/wp-json\/wp\/v2\/pages"}],"about":[{"href":"https:\/\/betonsportproject.eu\/es\/wp-json\/wp\/v2\/types\/page"}],"author":[{"embeddable":true,"href":"https:\/\/betonsportproject.eu\/es\/wp-json\/wp\/v2\/users\/2"}],"replies":[{"embeddable":true,"href":"https:\/\/betonsportproject.eu\/es\/wp-json\/wp\/v2\/comments?post=727"}],"version-history":[{"count":3,"href":"https:\/\/betonsportproject.eu\/es\/wp-json\/wp\/v2\/pages\/727\/revisions"}],"predecessor-version":[{"id":738,"href":"https:\/\/betonsportproject.eu\/es\/wp-json\/wp\/v2\/pages\/727\/revisions\/738"}],"wp:attachment":[{"href":"https:\/\/betonsportproject.eu\/es\/wp-json\/wp\/v2\/media?parent=727"}],"curies":[{"name":"wp","href":"https:\/\/api.w.org\/{rel}","templated":true}]}}