{"id":932,"date":"2025-02-06T11:17:51","date_gmt":"2025-02-06T11:17:51","guid":{"rendered":"https:\/\/betonsportproject.eu\/the-project\/"},"modified":"2025-05-06T14:03:36","modified_gmt":"2025-05-06T14:03:36","slug":"the-project","status":"publish","type":"page","link":"https:\/\/betonsportproject.eu\/es\/the-project\/","title":{"rendered":"El Proyecto"},"content":{"rendered":"\t\t<div data-elementor-type=\"wp-page\" data-elementor-id=\"932\" class=\"elementor elementor-932 elementor-122\" data-elementor-post-type=\"page\">\n\t\t\t\t<div class=\"elementor-element elementor-element-10094e1 e-flex e-con-boxed e-con e-parent\" data-id=\"10094e1\" data-element_type=\"container\">\n\t\t\t\t\t<div class=\"e-con-inner\">\n\t\t\t\t<div class=\"elementor-element elementor-element-d004aa8 elementor-widget elementor-widget-heading\" data-id=\"d004aa8\" data-element_type=\"widget\" data-widget_type=\"heading.default\">\n\t\t\t\t<div class=\"elementor-widget-container\">\n\t\t\t\t\t<h2 class=\"elementor-heading-title elementor-size-default\">El Proyecto<\/h2>\t\t\t\t<\/div>\n\t\t\t\t<\/div>\n\t\t<div class=\"elementor-element elementor-element-68b78e2 e-con-full e-flex e-con e-child\" data-id=\"68b78e2\" data-element_type=\"container\">\n\t\t<div class=\"elementor-element elementor-element-fba989f e-con-full e-flex e-con e-child\" data-id=\"fba989f\" data-element_type=\"container\">\n\t\t\t\t<div class=\"elementor-element elementor-element-f07dd5a elementor-widget elementor-widget-text-editor\" data-id=\"f07dd5a\" data-element_type=\"widget\" data-widget_type=\"text-editor.default\">\n\t\t\t\t<div class=\"elementor-widget-container\">\n\t\t\t\t\t\t\t\t\t<p><strong>Bet on Sport<\/strong> es una iniciativa europea financiada por el programa Erasmus+, dise\u00f1ada para combatir la adicci\u00f3n a las apuestas deportivas a trav\u00e9s del poder de la actividad f\u00edsica. El proyecto pretende crear intervenciones innovadoras basadas en el deporte que apoyen la salud mental, promuevan estilos de vida m\u00e1s saludables y fomenten la inclusi\u00f3n social en toda Europa.<\/p><p><strong>Objetivos:<\/strong><\/p><ul><li>Concienciar sobre los riesgos de la adicci\u00f3n a las apuestas deportivas en las comunidades y los entornos deportivos.<\/li><li>Proporcionar recursos educativos y programas de formaci\u00f3n a los profesionales que trabajan con personas afcetadas por problemas relacionados con el juego<\/li><li>Desarrollar y promover programas de actividad f\u00edsica como parte de las estrategias terap\u00e9uticas para la recuperaci\u00f3n<\/li><\/ul><p>Fomentar la colaboraci\u00f3n intersectorial entre organizaciones deportivas, instituciones de salud mental y organizaciones educativas en toda Europa<\/p>\t\t\t\t\t\t\t\t<\/div>\n\t\t\t\t<\/div>\n\t\t\t\t<\/div>\n\t\t<div class=\"elementor-element elementor-element-3ab2f43 e-con-full e-flex e-con e-child\" data-id=\"3ab2f43\" data-element_type=\"container\">\n\t\t\t\t<div class=\"elementor-element elementor-element-4707b3f elementor-widget elementor-widget-image\" data-id=\"4707b3f\" data-element_type=\"widget\" data-settings=\"{&quot;motion_fx_motion_fx_mouse&quot;:&quot;yes&quot;,&quot;motion_fx_mouseTrack_effect&quot;:&quot;yes&quot;,&quot;motion_fx_mouseTrack_speed&quot;:{&quot;unit&quot;:&quot;px&quot;,&quot;size&quot;:0.5,&quot;sizes&quot;:[]}}\" data-widget_type=\"image.default\">\n\t\t\t\t<div class=\"elementor-widget-container\">\n\t\t\t\t\t\t\t\t\t\t\t\t<figure class=\"wp-caption\">\n\t\t\t\t\t\t\t\t\t\t<img fetchpriority=\"high\" decoding=\"async\" width=\"500\" height=\"500\" src=\"https:\/\/betonsportproject.eu\/wp-content\/uploads\/2025\/02\/physical_activity.png\" class=\"attachment-full size-full wp-image-933\" alt=\"\" srcset=\"https:\/\/betonsportproject.eu\/wp-content\/uploads\/2025\/02\/physical_activity.png 500w, https:\/\/betonsportproject.eu\/wp-content\/uploads\/2025\/02\/physical_activity-300x300.png 300w, https:\/\/betonsportproject.eu\/wp-content\/uploads\/2025\/02\/physical_activity-150x150.png 150w\" sizes=\"(max-width: 500px) 100vw, 500px\" \/>\t\t\t\t\t\t\t\t\t\t\t<figcaption class=\"widget-image-caption wp-caption-text\">Image by vectorjuice on Freepik<\/figcaption>\n\t\t\t\t\t\t\t\t\t\t<\/figure>\n\t\t\t\t\t\t\t\t\t<\/div>\n\t\t\t\t<\/div>\n\t\t\t\t<\/div>\n\t\t\t\t<\/div>\n\t\t<div class=\"elementor-element elementor-element-f7c5888 e-con-full e-flex e-con e-child\" data-id=\"f7c5888\" data-element_type=\"container\">\n\t\t<div class=\"elementor-element elementor-element-2f65e39 e-con-full e-flex e-con e-child\" data-id=\"2f65e39\" data-element_type=\"container\" data-settings=\"{&quot;background_background&quot;:&quot;classic&quot;}\">\n\t\t\t\t<div class=\"elementor-element elementor-element-d1723b9 elementor-widget elementor-widget-heading\" data-id=\"d1723b9\" data-element_type=\"widget\" data-widget_type=\"heading.default\">\n\t\t\t\t<div class=\"elementor-widget-container\">\n\t\t\t\t\t<h2 class=\"elementor-heading-title elementor-size-default\">Nuestro impacto<\/h2>\t\t\t\t<\/div>\n\t\t\t\t<\/div>\n\t\t\t\t<\/div>\n\t\t<div class=\"elementor-element elementor-element-9d7e001 e-con-full e-flex e-con e-child\" data-id=\"9d7e001\" data-element_type=\"container\" data-settings=\"{&quot;background_background&quot;:&quot;classic&quot;}\">\n\t\t\t\t<div class=\"elementor-element elementor-element-7b10ba2 elementor-widget elementor-widget-text-editor\" data-id=\"7b10ba2\" data-element_type=\"widget\" data-widget_type=\"text-editor.default\">\n\t\t\t\t<div class=\"elementor-widget-container\">\n\t\t\t\t\t\t\t\t\t<p><strong>Bet on Sport<\/strong> es m\u00e1s que un proyecto: es un movimiento hacia comunidades m\u00e1s sanas. Al empoderar a las personas a trav\u00e9s del deporte, pretendemos crear un entorno de apoyo que reduzca la estigmatizaci\u00f3n, fomente cambios de comportamiento positivos y refuerce la salud mental. A trav\u00e9s de la colaboraci\u00f3n internacional, estamos creando soluciones sostenibles que seguir\u00e1n beneficiando a las personas y a las comunidades mucho despu\u00e9s de la finalizaci\u00f3n del proyecto.<\/p>\t\t\t\t\t\t\t\t<\/div>\n\t\t\t\t<\/div>\n\t\t\t\t<\/div>\n\t\t\t\t<\/div>\n\t\t\t\t\t<\/div>\n\t\t\t\t<\/div>\n\t\t\t\t<\/div>\n\t\t","protected":false},"excerpt":{"rendered":"<p>Bet on Sport es una iniciativa europea financiada por el programa Erasmus+, dise\u00f1ada para combatir la adicci\u00f3n a las apuestas deportivas a trav\u00e9s del poder de la actividad f\u00edsica. El proyecto pretende crear intervenciones innovadoras basadas en el deporte que apoyen la salud mental, promuevan estilos de vida m\u00e1s saludables y fomenten la inclusi\u00f3n social [&hellip;]<\/p>\n","protected":false},"author":2,"featured_media":0,"parent":0,"menu_order":0,"comment_status":"closed","ping_status":"closed","template":"","meta":{"footnotes":""},"class_list":["post-932","page","type-page","status-publish","hentry"],"_links":{"self":[{"href":"https:\/\/betonsportproject.eu\/es\/wp-json\/wp\/v2\/pages\/932","targetHints":{"allow":["GET"]}}],"collection":[{"href":"https:\/\/betonsportproject.eu\/es\/wp-json\/wp\/v2\/pages"}],"about":[{"href":"https:\/\/betonsportproject.eu\/es\/wp-json\/wp\/v2\/types\/page"}],"author":[{"embeddable":true,"href":"https:\/\/betonsportproject.eu\/es\/wp-json\/wp\/v2\/users\/2"}],"replies":[{"embeddable":true,"href":"https:\/\/betonsportproject.eu\/es\/wp-json\/wp\/v2\/comments?post=932"}],"version-history":[{"count":3,"href":"https:\/\/betonsportproject.eu\/es\/wp-json\/wp\/v2\/pages\/932\/revisions"}],"predecessor-version":[{"id":955,"href":"https:\/\/betonsportproject.eu\/es\/wp-json\/wp\/v2\/pages\/932\/revisions\/955"}],"wp:attachment":[{"href":"https:\/\/betonsportproject.eu\/es\/wp-json\/wp\/v2\/media?parent=932"}],"curies":[{"name":"wp","href":"https:\/\/api.w.org\/{rel}","templated":true}]}}