{"id":603,"date":"2025-02-05T12:59:36","date_gmt":"2025-02-05T12:59:36","guid":{"rendered":"https:\/\/betonsportproject.eu\/privacy-policy\/"},"modified":"2025-05-06T09:08:44","modified_gmt":"2025-05-06T09:08:44","slug":"privacy-policy","status":"publish","type":"page","link":"https:\/\/betonsportproject.eu\/fi\/privacy-policy\/","title":{"rendered":"Tietosuojak\u00e4yt\u00e4nt\u00f6"},"content":{"rendered":"\t\t<div data-elementor-type=\"wp-page\" data-elementor-id=\"603\" class=\"elementor elementor-603 elementor-3\" data-elementor-post-type=\"page\">\n\t\t\t\t<div class=\"elementor-element elementor-element-1bbc514 e-flex e-con-boxed e-con e-parent\" data-id=\"1bbc514\" data-element_type=\"container\">\n\t\t\t\t\t<div class=\"e-con-inner\">\n\t\t\t\t<div class=\"elementor-element elementor-element-c63f899 elementor-widget elementor-widget-heading\" data-id=\"c63f899\" data-element_type=\"widget\" data-widget_type=\"heading.default\">\n\t\t\t\t<div class=\"elementor-widget-container\">\n\t\t\t\t\t<h2 class=\"elementor-heading-title elementor-size-default\">Tietosuojak\u00e4yt\u00e4nt\u00f6<\/h2>\t\t\t\t<\/div>\n\t\t\t\t<\/div>\n\t\t\t\t<div class=\"elementor-element elementor-element-a3716ef elementor-widget elementor-widget-text-editor\" data-id=\"a3716ef\" data-element_type=\"widget\" data-widget_type=\"text-editor.default\">\n\t\t\t\t<div class=\"elementor-widget-container\">\n\t\t\t\t\t\t\t\t\t\n<!-- Legal document generated by Complianz | GDPR\/CCPA Cookie Consent https:\/\/wordpress.org\/plugins\/complianz-gdpr -->\n<div id=\"cmplz-document\" class=\"cmplz-document privacy-statement cmplz-document-eu\"><p><i>T\u00e4m\u00e4 tietosuojaseloste p\u00e4ivitettiin viimeksi huhtikuu 16, 2025 ja koskee Euroopan talousalueen ja Sveitsin kansalaisia ja laillisia vakituisia asukkaita.<\/i><br \/><br \/><\/p><p><p>T\u00e4ss\u00e4 tietosuojaselosteessa selit\u00e4mme, mit\u00e4 teemme tiedoilla, jotka saamme sinusta <a href=\"https:\/\/betonsportproject.eu\/fi\/\">https:\/\/betonsportproject.eu\/fi\/<\/a>:n kautta. Suosittelemme, ett\u00e4 luet t\u00e4m\u00e4n lausunnon huolellisesti. K\u00e4sittelyss\u00e4mme noudatamme tietosuojalains\u00e4\u00e4d\u00e4nn\u00f6n vaatimuksia. Se tarkoittaa muun muassa sit\u00e4, ett\u00e4:<\/p><ul>\n                <li>kerromme selv\u00e4sti, mihin tarkoitukseen k\u00e4sittelemme henkil\u00f6tietoja. Teemme t\u00e4m\u00e4n t\u00e4m\u00e4n tietosuojaselosteen avulla;<\/li>\n                <li>pyrimme rajoittamaan henkil\u00f6tietojen ker\u00e4\u00e4misemme vain laillisiin tarkoituksiin tarvittaviin henkil\u00f6tietoihin;<\/li>\n                <li>pyyd\u00e4mme ensin nimenomaista suostumustasi henkil\u00f6tietojesi k\u00e4sittelyyn tapauksissa, jotka edellytt\u00e4v\u00e4t suostumustasi;<\/li>\n                <li>ryhdymme asianmukaisiin turvatoimiin henkil\u00f6tietojesi suojaamiseksi ja vaadimme t\u00e4t\u00e4 my\u00f6s osapuolilta, jotka k\u00e4sittelev\u00e4t henkil\u00f6tietoja puolestamme;<\/li>\n                <li>kunnioitamme oikeuttasi p\u00e4\u00e4st\u00e4 k\u00e4siksi henkil\u00f6tietoihisi tai saada ne korjattua tai poistettua pyynn\u00f6st\u00e4si.<\/li>\n            <\/ul><p>Jos sinulla on kysytt\u00e4v\u00e4\u00e4 tai haluat tiet\u00e4\u00e4 tarkalleen, mit\u00e4 tietoja s\u00e4ilyt\u00e4mme sinusta, ota meihin yhteytt\u00e4.<\/p><\/p><h2>1. Tarkoitus, tiedot ja s\u00e4ilytysaika<\/h2>Saatamme ker\u00e4t\u00e4 tai vastaanottaa henkil\u00f6tietoja useisiin liiketoimintaamme liittyviin tarkoituksiin, joita voivat olla seuraavat: (laajenna napsauttamalla)<details class=\"cmplz-dropdown dropdown-privacy-statement\"><summary><div><h3>1.1 Yhteydenotto &#8211; Puhelimen, postin, s\u00e4hk\u00f6postin ja\/tai verkkolomakkeiden kautta<\/h3><\/div><\/summary><p class=\"cmplz-subtitle\">T\u00e4t\u00e4 tarkoitusta varten k\u00e4yt\u00e4mme seuraavia tietoja:<\/p><p><ul><li>Etu- ja sukunimi<\/li><li>S\u00e4hk\u00f6postiosoite<\/li><li>IP-osoite<\/li><\/ul><\/p><p class=\"cmplz-subtitle\">Voimme k\u00e4sitell\u00e4 n\u00e4it\u00e4 tietoja:<\/p><p><a target=\"_blank\" rel=\"noopener noreferrer nofollow\" href=\"https:\/\/cookiedatabase.org\/legal-bases\/#consent\">Suostumuksen antamisen j\u00e4lkeen.<\/a><\/p><p class=\"cmplz-subtitle\">S\u00e4ilytysaika<\/p><p>S\u00e4ilyt\u00e4mme n\u00e4it\u00e4 tietoja, kunnes palvelu lopetetaan.<\/p><\/details><details class=\"cmplz-dropdown dropdown-privacy-statement\"><summary><div><h3>1.2 Uutiskirjeet<\/h3><\/div><\/summary><p class=\"cmplz-subtitle\">T\u00e4t\u00e4 tarkoitusta varten k\u00e4yt\u00e4mme seuraavia tietoja:<\/p><p><ul><li>Etu- ja sukunimi<\/li><li>S\u00e4hk\u00f6postiosoite<\/li><li>IP-osoite<\/li><\/ul><\/p><p class=\"cmplz-subtitle\">Voimme k\u00e4sitell\u00e4 n\u00e4it\u00e4 tietoja:<\/p><p><a target=\"_blank\" rel=\"noopener noreferrer nofollow\" href=\"https:\/\/cookiedatabase.org\/legal-bases\/#consent\">Suostumuksen antamisen j\u00e4lkeen.<\/a><\/p><p class=\"cmplz-subtitle\">S\u00e4ilytysaika<\/p><p>S\u00e4ilyt\u00e4mme n\u00e4it\u00e4 tietoja, kunnes palvelu lopetetaan.<\/p><\/details><h2>2. Ev\u00e4steet<\/h2><p>Sivustomme k\u00e4ytt\u00e4\u00e4 ev\u00e4steit\u00e4. Lis\u00e4tietoja ev\u00e4steist\u00e4 on <a href=\"https:\/\/betonsportproject.eu\/fi\/cookie-policy\/\">Ev\u00e4stek\u00e4yt\u00e4nn\u00f6ss\u00e4mme<\/a>.&nbsp;<\/p><h2>3. Julkistamisk\u00e4yt\u00e4nn\u00f6t<\/h2><p><p>Luovutamme henkil\u00f6tietoja, jos meit\u00e4 vaaditaan lain tai tuomioistuimen m\u00e4\u00e4r\u00e4yksen nojalla, lainvalvontaviranomaisen vastauksena, muiden lain s\u00e4\u00e4nn\u00f6sten sallimissa rajoissa, tietojen antamiseksi tai yleiseen turvallisuuteen liittyv\u00e4n asian tutkimiseksi.<\/p><p>Jos verkkosivustomme tai organisaatiomme otetaan haltuun, myyd\u00e4\u00e4n tai osallistuu fuusioon tai yrityskauppaan, tietojasi voidaan luovuttaa neuvonantajillemme ja mahdollisille ostajille, ja ne luovutetaan uusille omistajille.<\/p><\/p><p>Olemme tehneet Googlen kanssa tietojenk\u00e4sittelysopimuksen.<\/p><h2>4. Turvallisuus<\/h2><p>Olemme sitoutuneet henkil\u00f6tietojen turvallisuuteen. Ryhdymme asianmukaisiin turvatoimiin rajoittaaksemme henkil\u00f6tietojen v\u00e4\u00e4rink\u00e4ytt\u00f6\u00e4 ja luvatonta p\u00e4\u00e4sy\u00e4 niihin. N\u00e4in varmistetaan, ett\u00e4 vain tarpeelliset henkil\u00f6t p\u00e4\u00e4sev\u00e4t k\u00e4siksi tietoihisi, ett\u00e4 p\u00e4\u00e4sy tietoihin on suojattu ja ett\u00e4 turvatoimemme tarkistetaan s\u00e4\u00e4nn\u00f6llisesti.<\/p><h2>5. Kolmannen osapuolen verkkosivustot<\/h2><p>T\u00e4m\u00e4 tietosuojaseloste ei koske kolmansien osapuolten verkkosivustoja, jotka on yhdistetty verkkosivuillamme olevien linkkien kautta. Emme voi taata, ett\u00e4 n\u00e4m\u00e4 kolmannet osapuolet k\u00e4sittelev\u00e4t henkil\u00f6tietojasi luotettavalla tai turvallisella tavalla. Suosittelemme, ett\u00e4 luet n\u00e4iden verkkosivustojen tietosuojaselosteet ennen n\u00e4iden verkkosivustojen k\u00e4ytt\u00f6\u00e4.<\/p><h2>6. Muutokset t\u00e4h\u00e4n tietosuojaselosteeseen<\/h2><p>Pid\u00e4t\u00e4mme oikeuden tehd\u00e4 muutoksia t\u00e4h\u00e4n tietosuojaselosteeseen. On suositeltavaa tutustua t\u00e4h\u00e4n tietosuojaselosteeseen s\u00e4\u00e4nn\u00f6llisesti, jotta olet tietoinen muutoksista. Lis\u00e4ksi tiedotamme aktiivisesti mahdollisuuksien mukaan.<\/p><h2>7. Tietojesi k\u00e4ytt\u00f6 ja muokkaaminen<\/h2><p>Jos sinulla on kysytt\u00e4v\u00e4\u00e4 tai haluat tiet\u00e4\u00e4, mit\u00e4 henkil\u00f6tietoja meill\u00e4 on sinusta, ota meihin yhteytt\u00e4. Voit ottaa meihin yhteytt\u00e4 k\u00e4ytt\u00e4m\u00e4ll\u00e4 alla olevia tietoja. Sinulla on seuraavat oikeudet:<\/p><ul>\n                <li>Sinulla on oikeus tiet\u00e4\u00e4, miksi henkil\u00f6tietojasi tarvitaan, mit\u00e4 niille tapahtuu ja kuinka kauan niit\u00e4 s\u00e4ilytet\u00e4\u00e4n.<\/li>\n                <li>P\u00e4\u00e4syoikeus: Sinulla on oikeus p\u00e4\u00e4st\u00e4 k\u00e4siksi tietoihisi, jotka ovat tiedossamme.<\/li>\n                <li>Oikeus oikaisuun: Sinulla on oikeus t\u00e4ydent\u00e4\u00e4, korjata, poistaa tai est\u00e4\u00e4 henkil\u00f6tietojasi milloin tahansa.<\/li>\n                <li>Jos annat meille suostumuksesi tietojesi k\u00e4sittelyyn, sinulla on oikeus peruuttaa suostumuksesi ja pyyt\u00e4\u00e4 henkil\u00f6tietosi poistamista.<\/li>\n                <li>Oikeus siirt\u00e4\u00e4 tietojasi: Sinulla on oikeus pyyt\u00e4\u00e4 kaikki henkil\u00f6tietosi rekisterinpit\u00e4j\u00e4lt\u00e4 ja siirt\u00e4\u00e4 ne kokonaisuudessaan toiselle rekisterinpit\u00e4j\u00e4lle.<\/li>\n                <li>Oikeus vastustaa: voit vastustaa tietojesi k\u00e4sittely\u00e4. Noudatamme t\u00e4t\u00e4, ellei k\u00e4sittelyyn ole perusteltua syyt\u00e4.<\/li>\n            <\/ul><p>Muista aina ilmoittaa selv\u00e4sti, kuka olet, jotta voimme olla varmoja, ettemme muokkaa tai poista v\u00e4\u00e4r\u00e4n henkil\u00f6n tietoja.<\/p><h2>8. Valituksen l\u00e4hett\u00e4minen<\/h2><p>Jos et ole tyytyv\u00e4inen tapaan, jolla k\u00e4sittelemme (valituksen) henkil\u00f6tietojesi k\u00e4sittely\u00e4, sinulla on oikeus tehd\u00e4 valitus tietosuojaviranomaiselle.<\/p><h2>9. Yhteystiedot<\/h2><p>L\u2019ORMA S.S.D. a r.l. \u2013 Impresa Sociale<br \/>\n        Via Restelli 3 \u2013 20124 (Milano)<br \/>\n        Italia<br \/>\n        Verkkosivusto: <a href=\"https:\/\/betonsportproject.eu\/fi\/\">https:\/\/betonsportproject.eu\/fi\/<\/a> <br \/>\n        S\u00e4hk\u00f6posti: <span class=\"cmplz-obfuscate\">&#105;n&#102;&#111;@<span class=\"cmplz-fmail-domain\">e&#120;.&#099;om<\/span>orm&#097;&#115;&#105;t&#101;.&#105;&#116;<\/span> <br \/>\n        Puhelinnumero: 393881936879<\/p><h2>10. Tietopyynn\u00f6t<\/h2><p>Tarjoamme sinulle my\u00f6s mahdollisuuden k\u00e4ytt\u00e4\u00e4 tietopyynt\u00f6lomakettamme yleisimmin esitettyjen pyynt\u00f6jen osalta.<br \/>\t\t\t<div class=\"cmplz-datarequest cmplz-alert\">\n\t\t\t\t<span class=\"cmplz-close\">&times;<\/span>\n\t\t\t\t<span id=\"cmplz-message\"><\/span>\n\t\t\t<\/div>\n\t\t\t<form id=\"cmplz-datarequest-form\">\n\t\t\t\t<input type=\"hidden\" required value=\"eu\" name=\"cmplz_datarequest_region\" id=\"cmplz_datarequest_region\">\n\n\t\t\t\t<label for=\"cmplz_datarequest_firstname\" class=\"cmplz-first-name\">Nimi\t\t\t\t\t<input type=\"search\" class=\"datarequest-firstname\" value=\"\" placeholder=\"your first name\" id=\"cmplz_datarequest_firstname\" name=\"cmplz_datarequest_firstname\">\n\t\t\t\t<\/label>\n\t\t\t\t<div>\n\t\t\t\t\t<label for=\"cmplz_datarequest_name\">Nimi<\/label>\n\t\t\t\t\t<input type=\"text\" required value=\"\" placeholder=\"Sinun nimesi\" id=\"cmplz_datarequest_name\" name=\"cmplz_datarequest_name\">\n\t\t\t\t<\/div>\n\t\t\t\t<div>\n\t\t\t\t\t<label for=\"cmplz_datarequest_email\">S\u00e4hk\u00f6posti<\/label>\n\t\t\t\t\t<input type=\"email\" required value=\"\" placeholder=\"email@email.com\" id=\"cmplz_datarequest_email\" name=\"cmplz_datarequest_email\">\n\t\t\t\t<\/div>\n\t\t\t\t\t\t\t\t\t\t<div class=\"cmplz_datarequest cmplz_datarequest_request_for_access\">\n\t\t\t\t\t\t\t<label for=\"cmplz_datarequest_request_for_access\">\n\t\t\t\t\t\t\t\t<input type=\"checkbox\" value=\"1\" name=\"cmplz_datarequest_request_for_access\" id=\"cmplz_datarequest_request_for_access\" \/>\n\t\t\t\t\t\t\t\tL\u00e4het\u00e4 pyynt\u00f6 saada tutustua sinua koskettaviin tietoihin.\t\t\t\t\t\t\t<\/label>\n\t\t\t\t\t\t<\/div>\n\t\t\t\t\t\t\t\t\t\t<div class=\"cmplz_datarequest cmplz_datarequest_right_to_be_forgotten\">\n\t\t\t\t\t\t\t<label for=\"cmplz_datarequest_right_to_be_forgotten\">\n\t\t\t\t\t\t\t\t<input type=\"checkbox\" value=\"1\" name=\"cmplz_datarequest_right_to_be_forgotten\" id=\"cmplz_datarequest_right_to_be_forgotten\" \/>\n\t\t\t\t\t\t\t\tPyyd\u00e4 tietojen poistamista, jos ne eiv\u00e4t ole en\u00e4\u00e4 merkityksellisi\u00e4.\t\t\t\t\t\t\t<\/label>\n\t\t\t\t\t\t<\/div>\n\t\t\t\t\t\t\t\t\t\t<div class=\"cmplz_datarequest cmplz_datarequest_right_to_data_portability\">\n\t\t\t\t\t\t\t<label for=\"cmplz_datarequest_right_to_data_portability\">\n\t\t\t\t\t\t\t\t<input type=\"checkbox\" value=\"1\" name=\"cmplz_datarequest_right_to_data_portability\" id=\"cmplz_datarequest_right_to_data_portability\" \/>\n\t\t\t\t\t\t\t\tL\u00e4het\u00e4 pyynt\u00f6 vastaanottaaksesi vientitiedoston sinusta k\u00e4sitellyist\u00e4 tiedoista.\t\t\t\t\t\t\t<\/label>\n\t\t\t\t\t\t<\/div>\n\t\t\t\t\t\t\t\t<input type=\"button\" id=\"cmplz-datarequest-submit\" value=\"L\u00e4hett\u00e4\u00e4\">\n\t\t\t<\/form>\n\n\t\t\t<style>\n\t\t\t\t\/* first-name is honeypot *\/\n\t\t\t\t.cmplz-first-name {\n\t\t\t\t\tposition: absolute !important;\n\t\t\t\t\tleft: -5000px !important;\n\t\t\t\t}\n\t\t\t<\/style>\n\t\t\t<\/p><\/div>\t\t\t\t\t\t\t\t<\/div>\n\t\t\t\t<\/div>\n\t\t\t\t\t<\/div>\n\t\t\t\t<\/div>\n\t\t\t\t<\/div>\n\t\t","protected":false},"excerpt":{"rendered":"","protected":false},"author":2,"featured_media":0,"parent":0,"menu_order":0,"comment_status":"closed","ping_status":"open","template":"","meta":{"footnotes":""},"class_list":["post-603","page","type-page","status-publish","hentry"],"_links":{"self":[{"href":"https:\/\/betonsportproject.eu\/fi\/wp-json\/wp\/v2\/pages\/603","targetHints":{"allow":["GET"]}}],"collection":[{"href":"https:\/\/betonsportproject.eu\/fi\/wp-json\/wp\/v2\/pages"}],"about":[{"href":"https:\/\/betonsportproject.eu\/fi\/wp-json\/wp\/v2\/types\/page"}],"author":[{"embeddable":true,"href":"https:\/\/betonsportproject.eu\/fi\/wp-json\/wp\/v2\/users\/2"}],"replies":[{"embeddable":true,"href":"https:\/\/betonsportproject.eu\/fi\/wp-json\/wp\/v2\/comments?post=603"}],"version-history":[{"count":2,"href":"https:\/\/betonsportproject.eu\/fi\/wp-json\/wp\/v2\/pages\/603\/revisions"}],"predecessor-version":[{"id":702,"href":"https:\/\/betonsportproject.eu\/fi\/wp-json\/wp\/v2\/pages\/603\/revisions\/702"}],"wp:attachment":[{"href":"https:\/\/betonsportproject.eu\/fi\/wp-json\/wp\/v2\/media?parent=603"}],"curies":[{"name":"wp","href":"https:\/\/api.w.org\/{rel}","templated":true}]}}