{"id":723,"date":"2025-02-06T11:21:40","date_gmt":"2025-02-06T11:21:40","guid":{"rendered":"https:\/\/betonsportproject.eu\/activities-gallery\/"},"modified":"2025-05-06T09:27:48","modified_gmt":"2025-05-06T09:27:48","slug":"activities-gallery","status":"publish","type":"page","link":"https:\/\/betonsportproject.eu\/fi\/activities-gallery\/","title":{"rendered":"Aktiviteetit ja galleria"},"content":{"rendered":"\t\t<div data-elementor-type=\"wp-page\" data-elementor-id=\"723\" class=\"elementor elementor-723 elementor-133\" data-elementor-post-type=\"page\">\n\t\t\t\t<div class=\"elementor-element elementor-element-c3e23ab e-flex e-con-boxed e-con e-parent\" data-id=\"c3e23ab\" data-element_type=\"container\">\n\t\t\t\t\t<div class=\"e-con-inner\">\n\t\t\t\t<div class=\"elementor-element elementor-element-8120a96 elementor-widget elementor-widget-heading\" data-id=\"8120a96\" data-element_type=\"widget\" data-widget_type=\"heading.default\">\n\t\t\t\t<div class=\"elementor-widget-container\">\n\t\t\t\t\t<h2 class=\"elementor-heading-title elementor-size-default\">Aktiviteetit ja galleria<\/h2>\t\t\t\t<\/div>\n\t\t\t\t<\/div>\n\t\t<div class=\"elementor-element elementor-element-1b65f4b e-con-full e-flex e-con e-child\" data-id=\"1b65f4b\" data-element_type=\"container\">\n\t\t<div class=\"elementor-element elementor-element-0d875da e-con-full e-flex e-con e-child\" data-id=\"0d875da\" data-element_type=\"container\">\n\t\t\t\t<div class=\"elementor-element elementor-element-7c00cb4 elementor-widget elementor-widget-image\" data-id=\"7c00cb4\" data-element_type=\"widget\" data-settings=\"{&quot;motion_fx_motion_fx_mouse&quot;:&quot;yes&quot;,&quot;motion_fx_mouseTrack_effect&quot;:&quot;yes&quot;,&quot;motion_fx_mouseTrack_speed&quot;:{&quot;unit&quot;:&quot;px&quot;,&quot;size&quot;:0.5,&quot;sizes&quot;:[]}}\" data-widget_type=\"image.default\">\n\t\t\t\t<div class=\"elementor-widget-container\">\n\t\t\t\t\t\t\t\t\t\t\t\t<figure class=\"wp-caption\">\n\t\t\t\t\t\t\t\t\t\t<img fetchpriority=\"high\" decoding=\"async\" width=\"500\" height=\"500\" src=\"https:\/\/betonsportproject.eu\/wp-content\/uploads\/2025\/02\/Activities.png\" class=\"attachment-full size-full wp-image-724\" alt=\"\" srcset=\"https:\/\/betonsportproject.eu\/wp-content\/uploads\/2025\/02\/Activities.png 500w, https:\/\/betonsportproject.eu\/wp-content\/uploads\/2025\/02\/Activities-300x300.png 300w, https:\/\/betonsportproject.eu\/wp-content\/uploads\/2025\/02\/Activities-150x150.png 150w\" sizes=\"(max-width: 500px) 100vw, 500px\" \/>\t\t\t\t\t\t\t\t\t\t\t<figcaption class=\"widget-image-caption wp-caption-text\">Image by vectorjuice on Freepik<\/figcaption>\n\t\t\t\t\t\t\t\t\t\t<\/figure>\n\t\t\t\t\t\t\t\t\t<\/div>\n\t\t\t\t<\/div>\n\t\t\t\t<\/div>\n\t\t<div class=\"elementor-element elementor-element-0cc18f2 e-con-full e-flex e-con e-child\" data-id=\"0cc18f2\" data-element_type=\"container\">\n\t\t\t\t<div class=\"elementor-element elementor-element-d57e0b8 elementor-widget elementor-widget-text-editor\" data-id=\"d57e0b8\" data-element_type=\"widget\" data-widget_type=\"text-editor.default\">\n\t\t\t\t<div class=\"elementor-widget-container\">\n\t\t\t\t\t\t\t\t\t<p><strong>Bet on Sport <\/strong>j\u00e4rjest\u00e4\u00e4 laajan valikoiman aktiviteetteja, jotka on suunniteltu tukemaan urheilupeliriippuvuudesta k\u00e4rsivi\u00e4 henkil\u00f6it\u00e4 fyysisen aktiivisuuden muuttavan voiman avulla. Aloitteillamme pyrit\u00e4\u00e4n edist\u00e4m\u00e4\u00e4n henkist\u00e4 hyvinvointia, terveellisi\u00e4 tapoja ja sosiaalista osallisuutta erilaisissa yhteis\u00f6iss\u00e4.<\/p><p>Koulutusty\u00f6pajoista ja ammatillisista koulutustilaisuuksista paikallisiin urheilutapahtumiin ja tiedotuskampanjoihin toimintamme on r\u00e4\u00e4t\u00e4l\u00f6ity sitouttamaan sek\u00e4 yksil\u00f6it\u00e4 ett\u00e4 yhteis\u00f6j\u00e4. N\u00e4m\u00e4 ohjelmat eiv\u00e4t ainoastaan tarjoa ty\u00f6kaluja toipumiseen, vaan my\u00f6s luovat mahdollisuuksia yhteydenpitoon, joustavuuteen ja henkil\u00f6kohtaiseen kasvuun.<\/p><p><em>Pysy kuulolla, niin saat pian lis\u00e4\u00e4 yksityiskohtaista tietoa ty\u00f6pajoistamme, yhteis\u00f6tapahtumistamme ja erikoistuneista koulutusohjelmistamme.<\/em><\/p>\t\t\t\t\t\t\t\t<\/div>\n\t\t\t\t<\/div>\n\t\t\t\t<\/div>\n\t\t\t\t<\/div>\n\t\t\t\t<div class=\"elementor-element elementor-element-d6f151b elementor-widget-divider--separator-type-pattern elementor-widget-divider--view-line elementor-widget elementor-widget-divider\" data-id=\"d6f151b\" data-element_type=\"widget\" data-widget_type=\"divider.default\">\n\t\t\t\t<div class=\"elementor-widget-container\">\n\t\t\t\t\t\t\t<div class=\"elementor-divider\" style=\"--divider-pattern-url: url(&quot;data:image\/svg+xml,%3Csvg xmlns=&#039;http:\/\/www.w3.org\/2000\/svg&#039; preserveAspectRatio=&#039;none&#039; overflow=&#039;visible&#039; height=&#039;100%&#039; viewBox=&#039;0 0 20 16&#039; fill=&#039;none&#039; stroke=&#039;black&#039; stroke-width=&#039;1&#039; stroke-linecap=&#039;square&#039; stroke-miterlimit=&#039;10&#039;%3E%3Cg transform=&#039;translate(-12.000000, 0)&#039;%3E%3Cpath d=&#039;M28,0L10,18&#039;\/%3E%3Cpath d=&#039;M18,0L0,18&#039;\/%3E%3Cpath d=&#039;M48,0L30,18&#039;\/%3E%3Cpath d=&#039;M38,0L20,18&#039;\/%3E%3C\/g%3E%3C\/svg%3E&quot;);\">\n\t\t\t<span class=\"elementor-divider-separator\">\n\t\t\t\t\t\t<\/span>\n\t\t<\/div>\n\t\t\t\t\t\t<\/div>\n\t\t\t\t<\/div>\n\t\t<div class=\"elementor-element elementor-element-b36f560 e-con-full e-flex e-con e-child\" data-id=\"b36f560\" data-element_type=\"container\">\n\t\t<div class=\"elementor-element elementor-element-05ca449 e-con-full e-flex e-con e-child\" data-id=\"05ca449\" data-element_type=\"container\">\n\t\t\t\t<div class=\"elementor-element elementor-element-f9151f0 elementor-widget elementor-widget-text-editor\" data-id=\"f9151f0\" data-element_type=\"widget\" data-widget_type=\"text-editor.default\">\n\t\t\t\t<div class=\"elementor-widget-container\">\n\t\t\t\t\t\t\t\t\t<p>Meid\u00e4n <strong>galleria<\/strong> esittelee Bet on Sport -projektin eloisia hetki\u00e4 ja vaikuttavia kokemuksia. Valokuvien ja videoiden avulla pyrimme vangitsemaan toimintamme ytimen, osallistujien energian ja urheilun aikaansaamat positiiviset muutokset.<\/p><p>T\u00e4\u00e4lt\u00e4 l\u00f6yd\u00e4t inspiroivia kohokohtia koulutustilaisuuksista, yhteis\u00f6tapahtumista, tiedotuskampanjoista ja muusta, jotka tarjoavat visuaalisen matkan projektin virstanpylv\u00e4iden l\u00e4pi.<\/p>\t\t\t\t\t\t\t\t<\/div>\n\t\t\t\t<\/div>\n\t\t\t\t<\/div>\n\t\t<div class=\"elementor-element elementor-element-32085dc e-con-full e-flex e-con e-child\" data-id=\"32085dc\" data-element_type=\"container\">\n\t\t\t\t<div class=\"elementor-element elementor-element-78db63f elementor-widget elementor-widget-image\" data-id=\"78db63f\" data-element_type=\"widget\" data-settings=\"{&quot;motion_fx_motion_fx_mouse&quot;:&quot;yes&quot;,&quot;motion_fx_mouseTrack_effect&quot;:&quot;yes&quot;,&quot;motion_fx_mouseTrack_speed&quot;:{&quot;unit&quot;:&quot;px&quot;,&quot;size&quot;:0.5,&quot;sizes&quot;:[]}}\" data-widget_type=\"image.default\">\n\t\t\t\t<div class=\"elementor-widget-container\">\n\t\t\t\t\t\t\t\t\t\t\t\t<figure class=\"wp-caption\">\n\t\t\t\t\t\t\t\t\t\t<img decoding=\"async\" width=\"500\" height=\"500\" src=\"https:\/\/betonsportproject.eu\/wp-content\/uploads\/2025\/02\/gallery.png\" class=\"attachment-full size-full wp-image-746\" alt=\"\" srcset=\"https:\/\/betonsportproject.eu\/wp-content\/uploads\/2025\/02\/gallery.png 500w, https:\/\/betonsportproject.eu\/wp-content\/uploads\/2025\/02\/gallery-300x300.png 300w, https:\/\/betonsportproject.eu\/wp-content\/uploads\/2025\/02\/gallery-150x150.png 150w\" sizes=\"(max-width: 500px) 100vw, 500px\" \/>\t\t\t\t\t\t\t\t\t\t\t<figcaption class=\"widget-image-caption wp-caption-text\">Image by vectorjuice on Freepik<\/figcaption>\n\t\t\t\t\t\t\t\t\t\t<\/figure>\n\t\t\t\t\t\t\t\t\t<\/div>\n\t\t\t\t<\/div>\n\t\t\t\t<\/div>\n\t\t\t\t<\/div>\n\t\t\t\t\t<\/div>\n\t\t\t\t<\/div>\n\t\t\t\t<\/div>\n\t\t","protected":false},"excerpt":{"rendered":"<p>Image by vectorjuice on Freepik Bet on Sport j\u00e4rjest\u00e4\u00e4 laajan valikoiman aktiviteetteja, jotka on suunniteltu tukemaan urheilupeliriippuvuudesta k\u00e4rsivi\u00e4 henkil\u00f6it\u00e4 fyysisen aktiivisuuden muuttavan voiman avulla. Aloitteillamme pyrit\u00e4\u00e4n edist\u00e4m\u00e4\u00e4n henkist\u00e4 hyvinvointia, terveellisi\u00e4 tapoja ja sosiaalista osallisuutta erilaisissa yhteis\u00f6iss\u00e4. Koulutusty\u00f6pajoista ja ammatillisista koulutustilaisuuksista paikallisiin urheilutapahtumiin ja tiedotuskampanjoihin toimintamme on r\u00e4\u00e4t\u00e4l\u00f6ity sitouttamaan sek\u00e4 yksil\u00f6it\u00e4 ett\u00e4 yhteis\u00f6j\u00e4. N\u00e4m\u00e4 ohjelmat eiv\u00e4t [&hellip;]<\/p>\n","protected":false},"author":2,"featured_media":0,"parent":0,"menu_order":0,"comment_status":"closed","ping_status":"closed","template":"","meta":{"footnotes":""},"class_list":["post-723","page","type-page","status-publish","hentry"],"_links":{"self":[{"href":"https:\/\/betonsportproject.eu\/fi\/wp-json\/wp\/v2\/pages\/723","targetHints":{"allow":["GET"]}}],"collection":[{"href":"https:\/\/betonsportproject.eu\/fi\/wp-json\/wp\/v2\/pages"}],"about":[{"href":"https:\/\/betonsportproject.eu\/fi\/wp-json\/wp\/v2\/types\/page"}],"author":[{"embeddable":true,"href":"https:\/\/betonsportproject.eu\/fi\/wp-json\/wp\/v2\/users\/2"}],"replies":[{"embeddable":true,"href":"https:\/\/betonsportproject.eu\/fi\/wp-json\/wp\/v2\/comments?post=723"}],"version-history":[{"count":3,"href":"https:\/\/betonsportproject.eu\/fi\/wp-json\/wp\/v2\/pages\/723\/revisions"}],"predecessor-version":[{"id":749,"href":"https:\/\/betonsportproject.eu\/fi\/wp-json\/wp\/v2\/pages\/723\/revisions\/749"}],"wp:attachment":[{"href":"https:\/\/betonsportproject.eu\/fi\/wp-json\/wp\/v2\/media?parent=723"}],"curies":[{"name":"wp","href":"https:\/\/api.w.org\/{rel}","templated":true}]}}