{"id":928,"date":"2025-02-06T11:17:51","date_gmt":"2025-02-06T11:17:51","guid":{"rendered":"https:\/\/betonsportproject.eu\/the-project\/"},"modified":"2025-05-06T13:48:41","modified_gmt":"2025-05-06T13:48:41","slug":"the-project","status":"publish","type":"page","link":"https:\/\/betonsportproject.eu\/fi\/the-project\/","title":{"rendered":"Projekti"},"content":{"rendered":"\t\t<div data-elementor-type=\"wp-page\" data-elementor-id=\"928\" class=\"elementor elementor-928 elementor-122\" data-elementor-post-type=\"page\">\n\t\t\t\t<div class=\"elementor-element elementor-element-10094e1 e-flex e-con-boxed e-con e-parent\" data-id=\"10094e1\" data-element_type=\"container\">\n\t\t\t\t\t<div class=\"e-con-inner\">\n\t\t\t\t<div class=\"elementor-element elementor-element-d004aa8 elementor-widget elementor-widget-heading\" data-id=\"d004aa8\" data-element_type=\"widget\" data-widget_type=\"heading.default\">\n\t\t\t\t<div class=\"elementor-widget-container\">\n\t\t\t\t\t<h2 class=\"elementor-heading-title elementor-size-default\">Projekti<\/h2>\t\t\t\t<\/div>\n\t\t\t\t<\/div>\n\t\t<div class=\"elementor-element elementor-element-68b78e2 e-con-full e-flex e-con e-child\" data-id=\"68b78e2\" data-element_type=\"container\">\n\t\t<div class=\"elementor-element elementor-element-fba989f e-con-full e-flex e-con e-child\" data-id=\"fba989f\" data-element_type=\"container\">\n\t\t\t\t<div class=\"elementor-element elementor-element-f07dd5a elementor-widget elementor-widget-text-editor\" data-id=\"f07dd5a\" data-element_type=\"widget\" data-widget_type=\"text-editor.default\">\n\t\t\t\t<div class=\"elementor-widget-container\">\n\t\t\t\t\t\t\t\t\t<p><strong>Bet on Sport<\/strong> on Erasmus+ -ohjelmasta rahoitettu eurooppalainen aloite, jonka tarkoituksena on torjua urheilupeliriippuvuutta liikunnan avulla. Hankkeen tavoitteena on luoda innovatiivisia, urheiluun perustuvia toimia, jotka tukevat mielenterveytt\u00e4, edist\u00e4v\u00e4t terveellisempi\u00e4 el\u00e4m\u00e4ntapoja ja edist\u00e4v\u00e4t sosiaalista osallisuutta kaikkialla Euroopassa.<\/p><p><strong>Tavoitteet:<\/strong><\/p><ul><li>Lis\u00e4t\u00e4 tietoisuutta urheilupeliriippuvuuden riskeist\u00e4 yhteis\u00f6iss\u00e4 ja urheiluymp\u00e4rist\u00f6iss\u00e4.<\/li><li>Tarjoa koulutusresursseja ja koulutusohjelmia ammattilaisille, jotka ty\u00f6skentelev\u00e4t sellaisten henkil\u00f6iden kanssa, joihin uhkapeleihin liittyv\u00e4t ongelmat vaikuttavat.<\/li><li>Kehit\u00e4 ja edist\u00e4 liikuntaohjelmia osana terapeuttisia toipumisstrategioita.<\/li><\/ul><p>Edist\u00e4\u00e4 monialaista yhteisty\u00f6t\u00e4 urheiluj\u00e4rjest\u00f6jen, mielenterveyslaitosten ja koulutuslaitosten v\u00e4lill\u00e4 kaikkialla Euroopassa.<\/p>\t\t\t\t\t\t\t\t<\/div>\n\t\t\t\t<\/div>\n\t\t\t\t<\/div>\n\t\t<div class=\"elementor-element elementor-element-3ab2f43 e-con-full e-flex e-con e-child\" data-id=\"3ab2f43\" data-element_type=\"container\">\n\t\t\t\t<div class=\"elementor-element elementor-element-4707b3f elementor-widget elementor-widget-image\" data-id=\"4707b3f\" data-element_type=\"widget\" data-settings=\"{&quot;motion_fx_motion_fx_mouse&quot;:&quot;yes&quot;,&quot;motion_fx_mouseTrack_effect&quot;:&quot;yes&quot;,&quot;motion_fx_mouseTrack_speed&quot;:{&quot;unit&quot;:&quot;px&quot;,&quot;size&quot;:0.5,&quot;sizes&quot;:[]}}\" data-widget_type=\"image.default\">\n\t\t\t\t<div class=\"elementor-widget-container\">\n\t\t\t\t\t\t\t\t\t\t\t\t<figure class=\"wp-caption\">\n\t\t\t\t\t\t\t\t\t\t<img fetchpriority=\"high\" decoding=\"async\" width=\"500\" height=\"500\" src=\"https:\/\/betonsportproject.eu\/wp-content\/uploads\/2025\/02\/physical_activity.png\" class=\"attachment-full size-full wp-image-929\" alt=\"\" srcset=\"https:\/\/betonsportproject.eu\/wp-content\/uploads\/2025\/02\/physical_activity.png 500w, https:\/\/betonsportproject.eu\/wp-content\/uploads\/2025\/02\/physical_activity-300x300.png 300w, https:\/\/betonsportproject.eu\/wp-content\/uploads\/2025\/02\/physical_activity-150x150.png 150w\" sizes=\"(max-width: 500px) 100vw, 500px\" \/>\t\t\t\t\t\t\t\t\t\t\t<figcaption class=\"widget-image-caption wp-caption-text\">Image by vectorjuice on Freepik<\/figcaption>\n\t\t\t\t\t\t\t\t\t\t<\/figure>\n\t\t\t\t\t\t\t\t\t<\/div>\n\t\t\t\t<\/div>\n\t\t\t\t<\/div>\n\t\t\t\t<\/div>\n\t\t<div class=\"elementor-element elementor-element-f7c5888 e-con-full e-flex e-con e-child\" data-id=\"f7c5888\" data-element_type=\"container\">\n\t\t<div class=\"elementor-element elementor-element-2f65e39 e-con-full e-flex e-con e-child\" data-id=\"2f65e39\" data-element_type=\"container\" data-settings=\"{&quot;background_background&quot;:&quot;classic&quot;}\">\n\t\t\t\t<div class=\"elementor-element elementor-element-d1723b9 elementor-widget elementor-widget-heading\" data-id=\"d1723b9\" data-element_type=\"widget\" data-widget_type=\"heading.default\">\n\t\t\t\t<div class=\"elementor-widget-container\">\n\t\t\t\t\t<h2 class=\"elementor-heading-title elementor-size-default\">Vaikutuksemme\u200b<\/h2>\t\t\t\t<\/div>\n\t\t\t\t<\/div>\n\t\t\t\t<\/div>\n\t\t<div class=\"elementor-element elementor-element-9d7e001 e-con-full e-flex e-con e-child\" data-id=\"9d7e001\" data-element_type=\"container\" data-settings=\"{&quot;background_background&quot;:&quot;classic&quot;}\">\n\t\t\t\t<div class=\"elementor-element elementor-element-7b10ba2 elementor-widget elementor-widget-text-editor\" data-id=\"7b10ba2\" data-element_type=\"widget\" data-widget_type=\"text-editor.default\">\n\t\t\t\t<div class=\"elementor-widget-container\">\n\t\t\t\t\t\t\t\t\t<p><strong>Bet on Sport<\/strong> on enemm\u00e4n kuin vain projekti: se on liike kohti terveempi\u00e4 yhteis\u00f6j\u00e4. Voimaannuttamalla yksil\u00f6it\u00e4 urheilun avulla pyrimme rakentamaan kannustavan ymp\u00e4rist\u00f6n, joka v\u00e4hent\u00e4\u00e4 leimautumista, kannustaa positiivisiin k\u00e4ytt\u00e4ytymismuutoksiin ja vahvistaa mielenterveytt\u00e4. Kansainv\u00e4lisen yhteisty\u00f6n avulla luomme kest\u00e4vi\u00e4 ratkaisuja, jotka hy\u00f6dytt\u00e4v\u00e4t yksil\u00f6it\u00e4 ja yhteis\u00f6j\u00e4 viel\u00e4 pitk\u00e4\u00e4n projektin p\u00e4\u00e4ttymisen j\u00e4lkeenkin.<\/p>\t\t\t\t\t\t\t\t<\/div>\n\t\t\t\t<\/div>\n\t\t\t\t<\/div>\n\t\t\t\t<\/div>\n\t\t\t\t\t<\/div>\n\t\t\t\t<\/div>\n\t\t\t\t<\/div>\n\t\t","protected":false},"excerpt":{"rendered":"<p>Bet on Sport on Erasmus+ -ohjelmasta rahoitettu eurooppalainen aloite, jonka tarkoituksena on torjua urheilupeliriippuvuutta liikunnan avulla. Hankkeen tavoitteena on luoda innovatiivisia, urheiluun perustuvia toimia, jotka tukevat mielenterveytt\u00e4, edist\u00e4v\u00e4t terveellisempi\u00e4 el\u00e4m\u00e4ntapoja ja edist\u00e4v\u00e4t sosiaalista osallisuutta kaikkialla Euroopassa. Tavoitteet: Lis\u00e4t\u00e4 tietoisuutta urheilupeliriippuvuuden riskeist\u00e4 yhteis\u00f6iss\u00e4 ja urheiluymp\u00e4rist\u00f6iss\u00e4. Tarjoa koulutusresursseja ja koulutusohjelmia ammattilaisille, jotka ty\u00f6skentelev\u00e4t sellaisten henkil\u00f6iden kanssa, joihin [&hellip;]<\/p>\n","protected":false},"author":2,"featured_media":0,"parent":0,"menu_order":0,"comment_status":"closed","ping_status":"closed","template":"","meta":{"footnotes":""},"class_list":["post-928","page","type-page","status-publish","hentry"],"_links":{"self":[{"href":"https:\/\/betonsportproject.eu\/fi\/wp-json\/wp\/v2\/pages\/928","targetHints":{"allow":["GET"]}}],"collection":[{"href":"https:\/\/betonsportproject.eu\/fi\/wp-json\/wp\/v2\/pages"}],"about":[{"href":"https:\/\/betonsportproject.eu\/fi\/wp-json\/wp\/v2\/types\/page"}],"author":[{"embeddable":true,"href":"https:\/\/betonsportproject.eu\/fi\/wp-json\/wp\/v2\/users\/2"}],"replies":[{"embeddable":true,"href":"https:\/\/betonsportproject.eu\/fi\/wp-json\/wp\/v2\/comments?post=928"}],"version-history":[{"count":3,"href":"https:\/\/betonsportproject.eu\/fi\/wp-json\/wp\/v2\/pages\/928\/revisions"}],"predecessor-version":[{"id":946,"href":"https:\/\/betonsportproject.eu\/fi\/wp-json\/wp\/v2\/pages\/928\/revisions\/946"}],"wp:attachment":[{"href":"https:\/\/betonsportproject.eu\/fi\/wp-json\/wp\/v2\/media?parent=928"}],"curies":[{"name":"wp","href":"https:\/\/api.w.org\/{rel}","templated":true}]}}