{"id":617,"date":"2025-02-06T11:17:51","date_gmt":"2025-02-06T11:17:51","guid":{"rendered":"https:\/\/betonsportproject.eu\/the-project\/"},"modified":"2025-03-25T11:45:33","modified_gmt":"2025-03-25T11:45:33","slug":"the-project","status":"publish","type":"page","link":"https:\/\/betonsportproject.eu\/it\/the-project\/","title":{"rendered":"Il Progetto"},"content":{"rendered":"\t\t<div data-elementor-type=\"wp-page\" data-elementor-id=\"617\" class=\"elementor elementor-617 elementor-122\" data-elementor-post-type=\"page\">\n\t\t\t\t<div class=\"elementor-element elementor-element-10094e1 e-flex e-con-boxed e-con e-parent\" data-id=\"10094e1\" data-element_type=\"container\">\n\t\t\t\t\t<div class=\"e-con-inner\">\n\t\t\t\t<div class=\"elementor-element elementor-element-d004aa8 elementor-widget elementor-widget-heading\" data-id=\"d004aa8\" data-element_type=\"widget\" data-widget_type=\"heading.default\">\n\t\t\t\t<div class=\"elementor-widget-container\">\n\t\t\t\t\t<h2 class=\"elementor-heading-title elementor-size-default\">Il Progetto<\/h2>\t\t\t\t<\/div>\n\t\t\t\t<\/div>\n\t\t<div class=\"elementor-element elementor-element-68b78e2 e-con-full e-flex e-con e-child\" data-id=\"68b78e2\" data-element_type=\"container\">\n\t\t<div class=\"elementor-element elementor-element-fba989f e-con-full e-flex e-con e-child\" data-id=\"fba989f\" data-element_type=\"container\">\n\t\t\t\t<div class=\"elementor-element elementor-element-f07dd5a elementor-widget elementor-widget-text-editor\" data-id=\"f07dd5a\" data-element_type=\"widget\" data-widget_type=\"text-editor.default\">\n\t\t\t\t<div class=\"elementor-widget-container\">\n\t\t\t\t\t\t\t\t\t<p><strong>Bet on Sport<\/strong> \u00e8 un&#8217;iniziativa europea finanziata dal programma Erasmus+, progettata per combattere la dipendenza dal gioco d&#8217;azzardo sportivo attraverso il potere dell&#8217;attivit\u00e0 fisica. Il progetto mira a creare interventi innovativi basati sullo sport che supportino la salute mentale, promuovano stili di vita pi\u00f9 sani e favoriscano l&#8217;inclusione sociale in tutta Europa.<\/p><p><strong>Obbiettivi:<\/strong><\/p><ul><li>Aumentare la consapevolezza sui rischi della dipendenza dal gioco d&#8217;azzardo sportivo nelle comunit\u00e0 e negli ambienti sportivi.<\/li><li>Fornire risorse educative e programmi di formazione per i professionisti che lavorano con individui affetti da problematiche legate al gioco d&#8217;azzardo.<\/li><li>Sviluppare e promuovere programmi di attivit\u00e0 fisica come parte di strategie terapeutiche per il recupero.<\/li><li>Favorire la collaborazione intersettoriale tra organizzazioni sportive, istituzioni sanitarie e enti educativi in tutta Europa.<\/li><\/ul>\t\t\t\t\t\t\t\t<\/div>\n\t\t\t\t<\/div>\n\t\t\t\t<\/div>\n\t\t<div class=\"elementor-element elementor-element-3ab2f43 e-con-full e-flex e-con e-child\" data-id=\"3ab2f43\" data-element_type=\"container\">\n\t\t\t\t<div class=\"elementor-element elementor-element-4707b3f elementor-widget elementor-widget-image\" data-id=\"4707b3f\" data-element_type=\"widget\" data-settings=\"{&quot;motion_fx_motion_fx_mouse&quot;:&quot;yes&quot;,&quot;motion_fx_mouseTrack_effect&quot;:&quot;yes&quot;,&quot;motion_fx_mouseTrack_speed&quot;:{&quot;unit&quot;:&quot;px&quot;,&quot;size&quot;:0.5,&quot;sizes&quot;:[]}}\" data-widget_type=\"image.default\">\n\t\t\t\t<div class=\"elementor-widget-container\">\n\t\t\t\t\t\t\t\t\t\t\t\t<figure class=\"wp-caption\">\n\t\t\t\t\t\t\t\t\t\t<img fetchpriority=\"high\" decoding=\"async\" width=\"500\" height=\"500\" src=\"https:\/\/betonsportproject.eu\/wp-content\/uploads\/2025\/02\/physical_activity.png\" class=\"attachment-full size-full wp-image-445\" alt=\"\" srcset=\"https:\/\/betonsportproject.eu\/wp-content\/uploads\/2025\/02\/physical_activity.png 500w, https:\/\/betonsportproject.eu\/wp-content\/uploads\/2025\/02\/physical_activity-300x300.png 300w, https:\/\/betonsportproject.eu\/wp-content\/uploads\/2025\/02\/physical_activity-150x150.png 150w\" sizes=\"(max-width: 500px) 100vw, 500px\" \/>\t\t\t\t\t\t\t\t\t\t\t<figcaption class=\"widget-image-caption wp-caption-text\">Image by vectorjuice on Freepik<\/figcaption>\n\t\t\t\t\t\t\t\t\t\t<\/figure>\n\t\t\t\t\t\t\t\t\t<\/div>\n\t\t\t\t<\/div>\n\t\t\t\t<\/div>\n\t\t\t\t<\/div>\n\t\t<div class=\"elementor-element elementor-element-f7c5888 e-con-full e-flex e-con e-child\" data-id=\"f7c5888\" data-element_type=\"container\">\n\t\t<div class=\"elementor-element elementor-element-2f65e39 e-con-full e-flex e-con e-child\" data-id=\"2f65e39\" data-element_type=\"container\" data-settings=\"{&quot;background_background&quot;:&quot;classic&quot;}\">\n\t\t\t\t<div class=\"elementor-element elementor-element-d1723b9 elementor-widget elementor-widget-heading\" data-id=\"d1723b9\" data-element_type=\"widget\" data-widget_type=\"heading.default\">\n\t\t\t\t<div class=\"elementor-widget-container\">\n\t\t\t\t\t<h2 class=\"elementor-heading-title elementor-size-default\">Il nostro impatto<\/h2>\t\t\t\t<\/div>\n\t\t\t\t<\/div>\n\t\t\t\t<\/div>\n\t\t<div class=\"elementor-element elementor-element-9d7e001 e-con-full e-flex e-con e-child\" data-id=\"9d7e001\" data-element_type=\"container\" data-settings=\"{&quot;background_background&quot;:&quot;classic&quot;}\">\n\t\t\t\t<div class=\"elementor-element elementor-element-7b10ba2 elementor-widget elementor-widget-text-editor\" data-id=\"7b10ba2\" data-element_type=\"widget\" data-widget_type=\"text-editor.default\">\n\t\t\t\t<div class=\"elementor-widget-container\">\n\t\t\t\t\t\t\t\t\t<p><strong>Bet on Sport<\/strong> non \u00e8 solo un progetto: \u00e8 un movimento verso comunit\u00e0 pi\u00f9 sane. Fornendo supporto attraverso lo sport, miriamo a creare un ambiente solidale che riduca lo stigma, incoraggi cambiamenti comportamentali positivi e rafforzi la salute mentale. Grazie alla collaborazione internazionale, stiamo creando soluzioni sostenibili che continueranno a beneficiare individui e comunit\u00e0 anche dopo la conclusione del progetto.<\/p>\t\t\t\t\t\t\t\t<\/div>\n\t\t\t\t<\/div>\n\t\t\t\t<\/div>\n\t\t\t\t<\/div>\n\t\t\t\t\t<\/div>\n\t\t\t\t<\/div>\n\t\t\t\t<\/div>\n\t\t","protected":false},"excerpt":{"rendered":"<p>Bet on Sport \u00e8 un&#8217;iniziativa europea finanziata dal programma Erasmus+, progettata per combattere la dipendenza dal gioco d&#8217;azzardo sportivo attraverso il potere dell&#8217;attivit\u00e0 fisica. Il progetto mira a creare interventi innovativi basati sullo sport che supportino la salute mentale, promuovano stili di vita pi\u00f9 sani e favoriscano l&#8217;inclusione sociale in tutta Europa. Obbiettivi: Aumentare la [&hellip;]<\/p>\n","protected":false},"author":2,"featured_media":0,"parent":0,"menu_order":0,"comment_status":"closed","ping_status":"closed","template":"","meta":{"footnotes":""},"class_list":["post-617","page","type-page","status-publish","hentry"],"_links":{"self":[{"href":"https:\/\/betonsportproject.eu\/it\/wp-json\/wp\/v2\/pages\/617","targetHints":{"allow":["GET"]}}],"collection":[{"href":"https:\/\/betonsportproject.eu\/it\/wp-json\/wp\/v2\/pages"}],"about":[{"href":"https:\/\/betonsportproject.eu\/it\/wp-json\/wp\/v2\/types\/page"}],"author":[{"embeddable":true,"href":"https:\/\/betonsportproject.eu\/it\/wp-json\/wp\/v2\/users\/2"}],"replies":[{"embeddable":true,"href":"https:\/\/betonsportproject.eu\/it\/wp-json\/wp\/v2\/comments?post=617"}],"version-history":[{"count":3,"href":"https:\/\/betonsportproject.eu\/it\/wp-json\/wp\/v2\/pages\/617\/revisions"}],"predecessor-version":[{"id":620,"href":"https:\/\/betonsportproject.eu\/it\/wp-json\/wp\/v2\/pages\/617\/revisions\/620"}],"wp:attachment":[{"href":"https:\/\/betonsportproject.eu\/it\/wp-json\/wp\/v2\/media?parent=617"}],"curies":[{"name":"wp","href":"https:\/\/api.w.org\/{rel}","templated":true}]}}