{"id":621,"date":"2025-02-06T11:21:40","date_gmt":"2025-02-06T11:21:40","guid":{"rendered":"https:\/\/betonsportproject.eu\/activities-gallery\/"},"modified":"2025-03-25T11:50:27","modified_gmt":"2025-03-25T11:50:27","slug":"activities-gallery","status":"publish","type":"page","link":"https:\/\/betonsportproject.eu\/it\/activities-gallery\/","title":{"rendered":"Attivit\u00e0 &#038; Galleria"},"content":{"rendered":"\t\t<div data-elementor-type=\"wp-page\" data-elementor-id=\"621\" class=\"elementor elementor-621 elementor-133\" data-elementor-post-type=\"page\">\n\t\t\t\t<div class=\"elementor-element elementor-element-c3e23ab e-flex e-con-boxed e-con e-parent\" data-id=\"c3e23ab\" data-element_type=\"container\">\n\t\t\t\t\t<div class=\"e-con-inner\">\n\t\t\t\t<div class=\"elementor-element elementor-element-8120a96 elementor-widget elementor-widget-heading\" data-id=\"8120a96\" data-element_type=\"widget\" data-widget_type=\"heading.default\">\n\t\t\t\t<div class=\"elementor-widget-container\">\n\t\t\t\t\t<h2 class=\"elementor-heading-title elementor-size-default\">Attivit\u00e0 &#038; Galleria<\/h2>\t\t\t\t<\/div>\n\t\t\t\t<\/div>\n\t\t<div class=\"elementor-element elementor-element-1b65f4b e-con-full e-flex e-con e-child\" data-id=\"1b65f4b\" data-element_type=\"container\">\n\t\t<div class=\"elementor-element elementor-element-0d875da e-con-full e-flex e-con e-child\" data-id=\"0d875da\" data-element_type=\"container\">\n\t\t\t\t<div class=\"elementor-element elementor-element-7c00cb4 elementor-widget elementor-widget-image\" data-id=\"7c00cb4\" data-element_type=\"widget\" data-settings=\"{&quot;motion_fx_motion_fx_mouse&quot;:&quot;yes&quot;,&quot;motion_fx_mouseTrack_effect&quot;:&quot;yes&quot;,&quot;motion_fx_mouseTrack_speed&quot;:{&quot;unit&quot;:&quot;px&quot;,&quot;size&quot;:0.5,&quot;sizes&quot;:[]}}\" data-widget_type=\"image.default\">\n\t\t\t\t<div class=\"elementor-widget-container\">\n\t\t\t\t\t\t\t\t\t\t\t\t<figure class=\"wp-caption\">\n\t\t\t\t\t\t\t\t\t\t<img fetchpriority=\"high\" decoding=\"async\" width=\"500\" height=\"500\" src=\"https:\/\/betonsportproject.eu\/wp-content\/uploads\/2025\/02\/Activities.png\" class=\"attachment-full size-full wp-image-449\" alt=\"\" srcset=\"https:\/\/betonsportproject.eu\/wp-content\/uploads\/2025\/02\/Activities.png 500w, https:\/\/betonsportproject.eu\/wp-content\/uploads\/2025\/02\/Activities-300x300.png 300w, https:\/\/betonsportproject.eu\/wp-content\/uploads\/2025\/02\/Activities-150x150.png 150w\" sizes=\"(max-width: 500px) 100vw, 500px\" \/>\t\t\t\t\t\t\t\t\t\t\t<figcaption class=\"widget-image-caption wp-caption-text\">Image by vectorjuice on Freepik<\/figcaption>\n\t\t\t\t\t\t\t\t\t\t<\/figure>\n\t\t\t\t\t\t\t\t\t<\/div>\n\t\t\t\t<\/div>\n\t\t\t\t<\/div>\n\t\t<div class=\"elementor-element elementor-element-0cc18f2 e-con-full e-flex e-con e-child\" data-id=\"0cc18f2\" data-element_type=\"container\">\n\t\t\t\t<div class=\"elementor-element elementor-element-d57e0b8 elementor-widget elementor-widget-text-editor\" data-id=\"d57e0b8\" data-element_type=\"widget\" data-widget_type=\"text-editor.default\">\n\t\t\t\t<div class=\"elementor-widget-container\">\n\t\t\t\t\t\t\t\t\t<p><strong>Bet on Sport <\/strong>organizza un&#8217;ampia gamma di attivit\u00e0 progettate per supportare le persone colpite dalla dipendenza dal gioco d&#8217;azzardo sportivo attraverso il potere trasformativo dell&#8217;attivit\u00e0 fisica. Le nostre iniziative mirano a favorire il benessere mentale, incoraggiare abitudini sane e promuovere l&#8217;inclusione sociale in diverse comunit\u00e0.<\/p><p>Dai workshop educativi alle sessioni di formazione professionale, fino agli eventi sportivi locali e alle campagne di sensibilizzazione, le nostre attivit\u00e0 sono pensate per coinvolgere sia gli individui che le comunit\u00e0. Questi programmi non solo forniscono strumenti per il recupero, ma creano anche opportunit\u00e0 di connessione, resilienza e crescita personale.<\/p><p><em>Rimani aggiornato per informazioni dettagliate sui nostri workshop, eventi comunitari e programmi di formazione specializzati che verranno presto aggiunti.<\/em><\/p>\t\t\t\t\t\t\t\t<\/div>\n\t\t\t\t<\/div>\n\t\t\t\t<\/div>\n\t\t\t\t<\/div>\n\t\t\t\t<div class=\"elementor-element elementor-element-d6f151b elementor-widget-divider--separator-type-pattern elementor-widget-divider--view-line elementor-widget elementor-widget-divider\" data-id=\"d6f151b\" data-element_type=\"widget\" data-widget_type=\"divider.default\">\n\t\t\t\t<div class=\"elementor-widget-container\">\n\t\t\t\t\t\t\t<div class=\"elementor-divider\" style=\"--divider-pattern-url: url(&quot;data:image\/svg+xml,%3Csvg xmlns=&#039;http:\/\/www.w3.org\/2000\/svg&#039; preserveAspectRatio=&#039;none&#039; overflow=&#039;visible&#039; height=&#039;100%&#039; viewBox=&#039;0 0 20 16&#039; fill=&#039;none&#039; stroke=&#039;black&#039; stroke-width=&#039;1&#039; stroke-linecap=&#039;square&#039; stroke-miterlimit=&#039;10&#039;%3E%3Cg transform=&#039;translate(-12.000000, 0)&#039;%3E%3Cpath d=&#039;M28,0L10,18&#039;\/%3E%3Cpath d=&#039;M18,0L0,18&#039;\/%3E%3Cpath d=&#039;M48,0L30,18&#039;\/%3E%3Cpath d=&#039;M38,0L20,18&#039;\/%3E%3C\/g%3E%3C\/svg%3E&quot;);\">\n\t\t\t<span class=\"elementor-divider-separator\">\n\t\t\t\t\t\t<\/span>\n\t\t<\/div>\n\t\t\t\t\t\t<\/div>\n\t\t\t\t<\/div>\n\t\t<div class=\"elementor-element elementor-element-b36f560 e-con-full e-flex e-con e-child\" data-id=\"b36f560\" data-element_type=\"container\">\n\t\t<div class=\"elementor-element elementor-element-05ca449 e-con-full e-flex e-con e-child\" data-id=\"05ca449\" data-element_type=\"container\">\n\t\t\t\t<div class=\"elementor-element elementor-element-f9151f0 elementor-widget elementor-widget-text-editor\" data-id=\"f9151f0\" data-element_type=\"widget\" data-widget_type=\"text-editor.default\">\n\t\t\t\t<div class=\"elementor-widget-container\">\n\t\t\t\t\t\t\t\t\t<p>La nostra <strong>galleria<\/strong> mostrer\u00e0 i momenti pi\u00f9 significativi e le esperienze d&#8217;impatto del progetto Bet on Sport. Attraverso foto e video, vogliamo catturare l&#8217;essenza delle nostre attivit\u00e0, l&#8217;energia dei partecipanti e le trasformazioni positive rese possibili dallo sport.<\/p><p>Qui troverai momenti salienti dalle sessioni di formazione, eventi comunitari, campagne di sensibilizzazione e altro ancora offrendoti un viaggio visivo attraverso le tappe del progetto.<\/p>\t\t\t\t\t\t\t\t<\/div>\n\t\t\t\t<\/div>\n\t\t\t\t<\/div>\n\t\t<div class=\"elementor-element elementor-element-32085dc e-con-full e-flex e-con e-child\" data-id=\"32085dc\" data-element_type=\"container\">\n\t\t\t\t<div class=\"elementor-element elementor-element-78db63f elementor-widget elementor-widget-image\" data-id=\"78db63f\" data-element_type=\"widget\" data-settings=\"{&quot;motion_fx_motion_fx_mouse&quot;:&quot;yes&quot;,&quot;motion_fx_mouseTrack_effect&quot;:&quot;yes&quot;,&quot;motion_fx_mouseTrack_speed&quot;:{&quot;unit&quot;:&quot;px&quot;,&quot;size&quot;:0.5,&quot;sizes&quot;:[]}}\" data-widget_type=\"image.default\">\n\t\t\t\t<div class=\"elementor-widget-container\">\n\t\t\t\t\t\t\t\t\t\t\t\t<figure class=\"wp-caption\">\n\t\t\t\t\t\t\t\t\t\t<img decoding=\"async\" width=\"500\" height=\"500\" src=\"https:\/\/betonsportproject.eu\/wp-content\/uploads\/2025\/02\/gallery.png\" class=\"attachment-full size-full wp-image-453\" alt=\"\" srcset=\"https:\/\/betonsportproject.eu\/wp-content\/uploads\/2025\/02\/gallery.png 500w, https:\/\/betonsportproject.eu\/wp-content\/uploads\/2025\/02\/gallery-300x300.png 300w, https:\/\/betonsportproject.eu\/wp-content\/uploads\/2025\/02\/gallery-150x150.png 150w\" sizes=\"(max-width: 500px) 100vw, 500px\" \/>\t\t\t\t\t\t\t\t\t\t\t<figcaption class=\"widget-image-caption wp-caption-text\">Image by vectorjuice on Freepik<\/figcaption>\n\t\t\t\t\t\t\t\t\t\t<\/figure>\n\t\t\t\t\t\t\t\t\t<\/div>\n\t\t\t\t<\/div>\n\t\t\t\t<\/div>\n\t\t\t\t<\/div>\n\t\t\t\t\t<\/div>\n\t\t\t\t<\/div>\n\t\t\t\t<\/div>\n\t\t","protected":false},"excerpt":{"rendered":"<p>Image by vectorjuice on Freepik Bet on Sport organizza un&#8217;ampia gamma di attivit\u00e0 progettate per supportare le persone colpite dalla dipendenza dal gioco d&#8217;azzardo sportivo attraverso il potere trasformativo dell&#8217;attivit\u00e0 fisica. Le nostre iniziative mirano a favorire il benessere mentale, incoraggiare abitudini sane e promuovere l&#8217;inclusione sociale in diverse comunit\u00e0. Dai workshop educativi alle sessioni [&hellip;]<\/p>\n","protected":false},"author":2,"featured_media":0,"parent":0,"menu_order":0,"comment_status":"closed","ping_status":"closed","template":"","meta":{"footnotes":""},"class_list":["post-621","page","type-page","status-publish","hentry"],"_links":{"self":[{"href":"https:\/\/betonsportproject.eu\/it\/wp-json\/wp\/v2\/pages\/621","targetHints":{"allow":["GET"]}}],"collection":[{"href":"https:\/\/betonsportproject.eu\/it\/wp-json\/wp\/v2\/pages"}],"about":[{"href":"https:\/\/betonsportproject.eu\/it\/wp-json\/wp\/v2\/types\/page"}],"author":[{"embeddable":true,"href":"https:\/\/betonsportproject.eu\/it\/wp-json\/wp\/v2\/users\/2"}],"replies":[{"embeddable":true,"href":"https:\/\/betonsportproject.eu\/it\/wp-json\/wp\/v2\/comments?post=621"}],"version-history":[{"count":3,"href":"https:\/\/betonsportproject.eu\/it\/wp-json\/wp\/v2\/pages\/621\/revisions"}],"predecessor-version":[{"id":624,"href":"https:\/\/betonsportproject.eu\/it\/wp-json\/wp\/v2\/pages\/621\/revisions\/624"}],"wp:attachment":[{"href":"https:\/\/betonsportproject.eu\/it\/wp-json\/wp\/v2\/media?parent=621"}],"curies":[{"name":"wp","href":"https:\/\/api.w.org\/{rel}","templated":true}]}}