{"id":726,"date":"2025-02-06T11:21:40","date_gmt":"2025-02-06T11:21:40","guid":{"rendered":"https:\/\/betonsportproject.eu\/activities-gallery\/"},"modified":"2025-05-06T09:16:14","modified_gmt":"2025-05-06T09:16:14","slug":"activities-gallery","status":"publish","type":"page","link":"https:\/\/betonsportproject.eu\/ro\/activities-gallery\/","title":{"rendered":"Activit\u0103\u021bi \u0219i galerie"},"content":{"rendered":"\t\t<div data-elementor-type=\"wp-page\" data-elementor-id=\"726\" class=\"elementor elementor-726 elementor-133\" data-elementor-post-type=\"page\">\n\t\t\t\t<div class=\"elementor-element elementor-element-c3e23ab e-flex e-con-boxed e-con e-parent\" data-id=\"c3e23ab\" data-element_type=\"container\">\n\t\t\t\t\t<div class=\"e-con-inner\">\n\t\t\t\t<div class=\"elementor-element elementor-element-8120a96 elementor-widget elementor-widget-heading\" data-id=\"8120a96\" data-element_type=\"widget\" data-widget_type=\"heading.default\">\n\t\t\t\t<div class=\"elementor-widget-container\">\n\t\t\t\t\t<h2 class=\"elementor-heading-title elementor-size-default\">Activit\u0103\u021bi \u0219i galerie<\/h2>\t\t\t\t<\/div>\n\t\t\t\t<\/div>\n\t\t<div class=\"elementor-element elementor-element-1b65f4b e-con-full e-flex e-con e-child\" data-id=\"1b65f4b\" data-element_type=\"container\">\n\t\t<div class=\"elementor-element elementor-element-0d875da e-con-full e-flex e-con e-child\" data-id=\"0d875da\" data-element_type=\"container\">\n\t\t\t\t<div class=\"elementor-element elementor-element-7c00cb4 elementor-widget elementor-widget-image\" data-id=\"7c00cb4\" data-element_type=\"widget\" data-settings=\"{&quot;motion_fx_motion_fx_mouse&quot;:&quot;yes&quot;,&quot;motion_fx_mouseTrack_effect&quot;:&quot;yes&quot;,&quot;motion_fx_mouseTrack_speed&quot;:{&quot;unit&quot;:&quot;px&quot;,&quot;size&quot;:0.5,&quot;sizes&quot;:[]}}\" data-widget_type=\"image.default\">\n\t\t\t\t<div class=\"elementor-widget-container\">\n\t\t\t\t\t\t\t\t\t\t\t\t<figure class=\"wp-caption\">\n\t\t\t\t\t\t\t\t\t\t<img fetchpriority=\"high\" decoding=\"async\" width=\"500\" height=\"500\" src=\"https:\/\/betonsportproject.eu\/wp-content\/uploads\/2025\/02\/Activities.png\" class=\"attachment-full size-full wp-image-450\" alt=\"\" srcset=\"https:\/\/betonsportproject.eu\/wp-content\/uploads\/2025\/02\/Activities.png 500w, https:\/\/betonsportproject.eu\/wp-content\/uploads\/2025\/02\/Activities-300x300.png 300w, https:\/\/betonsportproject.eu\/wp-content\/uploads\/2025\/02\/Activities-150x150.png 150w\" sizes=\"(max-width: 500px) 100vw, 500px\" \/>\t\t\t\t\t\t\t\t\t\t\t<figcaption class=\"widget-image-caption wp-caption-text\">Image by vectorjuice on Freepik<\/figcaption>\n\t\t\t\t\t\t\t\t\t\t<\/figure>\n\t\t\t\t\t\t\t\t\t<\/div>\n\t\t\t\t<\/div>\n\t\t\t\t<\/div>\n\t\t<div class=\"elementor-element elementor-element-0cc18f2 e-con-full e-flex e-con e-child\" data-id=\"0cc18f2\" data-element_type=\"container\">\n\t\t\t\t<div class=\"elementor-element elementor-element-d57e0b8 elementor-widget elementor-widget-text-editor\" data-id=\"d57e0b8\" data-element_type=\"widget\" data-widget_type=\"text-editor.default\">\n\t\t\t\t<div class=\"elementor-widget-container\">\n\t\t\t\t\t\t\t\t\t<p><strong>Bet on Sport <\/strong>organizeaz\u0103 o gam\u0103 larg\u0103 de activit\u0103\u021bi menite s\u0103 sprijine persoanele afectate de dependen\u021ba de jocurile de noroc sportive prin puterea transformatoare a activit\u0103\u021bii fizice. Ini\u021biativele noastre urm\u0103resc s\u0103 promoveze bun\u0103starea mental\u0103, s\u0103 \u00eencurajeze obiceiurile s\u0103n\u0103toase \u0219i s\u0103 promoveze incluziunea social\u0103 \u00een diverse comunit\u0103\u021bi.<\/p><p>De la ateliere educa\u021bionale \u0219i sesiuni de formare profesional\u0103 la evenimente sportive locale \u0219i campanii de sensibilizare, activit\u0103\u021bile noastre sunt adaptate pentru a implica at\u00e2t persoanele, c\u00e2t \u0219i comunit\u0103\u021bile. Aceste programe nu numai c\u0103 ofer\u0103 instrumente pentru recuperare, dar creeaz\u0103 \u0219i oportunit\u0103\u021bi de conectare, rezilien\u021b\u0103 \u0219i cre\u0219tere personal\u0103.<\/p><p><em>R\u0103m\u00e2ne\u021bi pe recep\u021bie pentru informa\u021bii detaliate despre atelierele noastre, evenimentele comunitare \u0219i programele de formare specializate care vor fi ad\u0103ugate \u00een cur\u00e2nd.<\/em><\/p>\t\t\t\t\t\t\t\t<\/div>\n\t\t\t\t<\/div>\n\t\t\t\t<\/div>\n\t\t\t\t<\/div>\n\t\t\t\t<div class=\"elementor-element elementor-element-d6f151b elementor-widget-divider--separator-type-pattern elementor-widget-divider--view-line elementor-widget elementor-widget-divider\" data-id=\"d6f151b\" data-element_type=\"widget\" data-widget_type=\"divider.default\">\n\t\t\t\t<div class=\"elementor-widget-container\">\n\t\t\t\t\t\t\t<div class=\"elementor-divider\" style=\"--divider-pattern-url: url(&quot;data:image\/svg+xml,%3Csvg xmlns=&#039;http:\/\/www.w3.org\/2000\/svg&#039; preserveAspectRatio=&#039;none&#039; overflow=&#039;visible&#039; height=&#039;100%&#039; viewBox=&#039;0 0 20 16&#039; fill=&#039;none&#039; stroke=&#039;black&#039; stroke-width=&#039;1&#039; stroke-linecap=&#039;square&#039; stroke-miterlimit=&#039;10&#039;%3E%3Cg transform=&#039;translate(-12.000000, 0)&#039;%3E%3Cpath d=&#039;M28,0L10,18&#039;\/%3E%3Cpath d=&#039;M18,0L0,18&#039;\/%3E%3Cpath d=&#039;M48,0L30,18&#039;\/%3E%3Cpath d=&#039;M38,0L20,18&#039;\/%3E%3C\/g%3E%3C\/svg%3E&quot;);\">\n\t\t\t<span class=\"elementor-divider-separator\">\n\t\t\t\t\t\t<\/span>\n\t\t<\/div>\n\t\t\t\t\t\t<\/div>\n\t\t\t\t<\/div>\n\t\t<div class=\"elementor-element elementor-element-b36f560 e-con-full e-flex e-con e-child\" data-id=\"b36f560\" data-element_type=\"container\">\n\t\t<div class=\"elementor-element elementor-element-05ca449 e-con-full e-flex e-con e-child\" data-id=\"05ca449\" data-element_type=\"container\">\n\t\t\t\t<div class=\"elementor-element elementor-element-f9151f0 elementor-widget elementor-widget-text-editor\" data-id=\"f9151f0\" data-element_type=\"widget\" data-widget_type=\"text-editor.default\">\n\t\t\t\t<div class=\"elementor-widget-container\">\n\t\t\t\t\t\t\t\t\t<p><strong>Galeria foto<\/strong> va prezenta momentele vibrante \u0219i experien\u021bele cu impact din cadrul proiectului Bet on Sport. Prin fotografii \u0219i videoclipuri, ne propunem s\u0103 surprindem esen\u021ba activit\u0103\u021bilor noastre, energia participan\u021bilor \u0219i transform\u0103rile pozitive determinate de sport.<\/p><p>Aici, ve\u021bi g\u0103si cele mai inspirate momente de la sesiunile de antrenament, evenimentele comunitare, campaniile de sensibilizare \u0219i multe altele &#8211; oferind o c\u0103l\u0103torie vizual\u0103 prin etapele importante ale proiectului.<\/p>\t\t\t\t\t\t\t\t<\/div>\n\t\t\t\t<\/div>\n\t\t\t\t<\/div>\n\t\t<div class=\"elementor-element elementor-element-32085dc e-con-full e-flex e-con e-child\" data-id=\"32085dc\" data-element_type=\"container\">\n\t\t\t\t<div class=\"elementor-element elementor-element-78db63f elementor-widget elementor-widget-image\" data-id=\"78db63f\" data-element_type=\"widget\" data-settings=\"{&quot;motion_fx_motion_fx_mouse&quot;:&quot;yes&quot;,&quot;motion_fx_mouseTrack_effect&quot;:&quot;yes&quot;,&quot;motion_fx_mouseTrack_speed&quot;:{&quot;unit&quot;:&quot;px&quot;,&quot;size&quot;:0.5,&quot;sizes&quot;:[]}}\" data-widget_type=\"image.default\">\n\t\t\t\t<div class=\"elementor-widget-container\">\n\t\t\t\t\t\t\t\t\t\t\t\t<figure class=\"wp-caption\">\n\t\t\t\t\t\t\t\t\t\t<img decoding=\"async\" width=\"500\" height=\"500\" src=\"https:\/\/betonsportproject.eu\/wp-content\/uploads\/2025\/02\/gallery.png\" class=\"attachment-full size-full wp-image-454\" alt=\"\" srcset=\"https:\/\/betonsportproject.eu\/wp-content\/uploads\/2025\/02\/gallery.png 500w, https:\/\/betonsportproject.eu\/wp-content\/uploads\/2025\/02\/gallery-300x300.png 300w, https:\/\/betonsportproject.eu\/wp-content\/uploads\/2025\/02\/gallery-150x150.png 150w\" sizes=\"(max-width: 500px) 100vw, 500px\" \/>\t\t\t\t\t\t\t\t\t\t\t<figcaption class=\"widget-image-caption wp-caption-text\">Image by vectorjuice on Freepik<\/figcaption>\n\t\t\t\t\t\t\t\t\t\t<\/figure>\n\t\t\t\t\t\t\t\t\t<\/div>\n\t\t\t\t<\/div>\n\t\t\t\t<\/div>\n\t\t\t\t<\/div>\n\t\t\t\t\t<\/div>\n\t\t\t\t<\/div>\n\t\t\t\t<\/div>\n\t\t","protected":false},"excerpt":{"rendered":"<p>Image by vectorjuice on Freepik Bet on Sport organizeaz\u0103 o gam\u0103 larg\u0103 de activit\u0103\u021bi menite s\u0103 sprijine persoanele afectate de dependen\u021ba de jocurile de noroc sportive prin puterea transformatoare a activit\u0103\u021bii fizice. Ini\u021biativele noastre urm\u0103resc s\u0103 promoveze bun\u0103starea mental\u0103, s\u0103 \u00eencurajeze obiceiurile s\u0103n\u0103toase \u0219i s\u0103 promoveze incluziunea social\u0103 \u00een diverse comunit\u0103\u021bi. De la ateliere educa\u021bionale [&hellip;]<\/p>\n","protected":false},"author":2,"featured_media":0,"parent":0,"menu_order":0,"comment_status":"closed","ping_status":"closed","template":"","meta":{"footnotes":""},"class_list":["post-726","page","type-page","status-publish","hentry"],"_links":{"self":[{"href":"https:\/\/betonsportproject.eu\/ro\/wp-json\/wp\/v2\/pages\/726","targetHints":{"allow":["GET"]}}],"collection":[{"href":"https:\/\/betonsportproject.eu\/ro\/wp-json\/wp\/v2\/pages"}],"about":[{"href":"https:\/\/betonsportproject.eu\/ro\/wp-json\/wp\/v2\/types\/page"}],"author":[{"embeddable":true,"href":"https:\/\/betonsportproject.eu\/ro\/wp-json\/wp\/v2\/users\/2"}],"replies":[{"embeddable":true,"href":"https:\/\/betonsportproject.eu\/ro\/wp-json\/wp\/v2\/comments?post=726"}],"version-history":[{"count":3,"href":"https:\/\/betonsportproject.eu\/ro\/wp-json\/wp\/v2\/pages\/726\/revisions"}],"predecessor-version":[{"id":733,"href":"https:\/\/betonsportproject.eu\/ro\/wp-json\/wp\/v2\/pages\/726\/revisions\/733"}],"wp:attachment":[{"href":"https:\/\/betonsportproject.eu\/ro\/wp-json\/wp\/v2\/media?parent=726"}],"curies":[{"name":"wp","href":"https:\/\/api.w.org\/{rel}","templated":true}]}}