{"id":931,"date":"2025-02-06T11:17:51","date_gmt":"2025-02-06T11:17:51","guid":{"rendered":"https:\/\/betonsportproject.eu\/the-project\/"},"modified":"2025-05-06T13:57:03","modified_gmt":"2025-05-06T13:57:03","slug":"the-project","status":"publish","type":"page","link":"https:\/\/betonsportproject.eu\/ro\/the-project\/","title":{"rendered":"Proiectul"},"content":{"rendered":"\t\t<div data-elementor-type=\"wp-page\" data-elementor-id=\"931\" class=\"elementor elementor-931 elementor-122\" data-elementor-post-type=\"page\">\n\t\t\t\t<div class=\"elementor-element elementor-element-10094e1 e-flex e-con-boxed e-con e-parent\" data-id=\"10094e1\" data-element_type=\"container\">\n\t\t\t\t\t<div class=\"e-con-inner\">\n\t\t\t\t<div class=\"elementor-element elementor-element-d004aa8 elementor-widget elementor-widget-heading\" data-id=\"d004aa8\" data-element_type=\"widget\" data-widget_type=\"heading.default\">\n\t\t\t\t<div class=\"elementor-widget-container\">\n\t\t\t\t\t<h2 class=\"elementor-heading-title elementor-size-default\">Proiectul<\/h2>\t\t\t\t<\/div>\n\t\t\t\t<\/div>\n\t\t<div class=\"elementor-element elementor-element-68b78e2 e-con-full e-flex e-con e-child\" data-id=\"68b78e2\" data-element_type=\"container\">\n\t\t<div class=\"elementor-element elementor-element-fba989f e-con-full e-flex e-con e-child\" data-id=\"fba989f\" data-element_type=\"container\">\n\t\t\t\t<div class=\"elementor-element elementor-element-f07dd5a elementor-widget elementor-widget-text-editor\" data-id=\"f07dd5a\" data-element_type=\"widget\" data-widget_type=\"text-editor.default\">\n\t\t\t\t<div class=\"elementor-widget-container\">\n\t\t\t\t\t\t\t\t\t<p><strong>Bet on Sport<\/strong> este o ini\u021biativ\u0103 european\u0103 finan\u021bat\u0103 prin programul Erasmus+, conceput\u0103 pentru a combate dependen\u021ba de jocurile de noroc sportive prin puterea activit\u0103\u021bii fizice. Proiectul \u00ee\u0219i propune s\u0103 creeze interven\u021bii inovatoare, bazate pe sport, care s\u0103 sprijine s\u0103n\u0103tatea mintal\u0103, s\u0103 promoveze stiluri de via\u021b\u0103 mai s\u0103n\u0103toase \u0219i s\u0103 \u00eencurajeze incluziunea social\u0103 \u00een \u00eentreaga Europ\u0103.<\/p><p><strong>Obiective:<\/strong><\/p><ul><li>Cre\u0219terea gradului de con\u0219tientizare cu privire la riscurile dependen\u021bei de jocurile de noroc sportive \u00een cadrul comunit\u0103\u021bilor \u0219i mediilor sportive.<\/li><li>Furnizarea de resurse educa\u021bionale \u0219i programe de formare pentru profesioni\u0219tii care lucreaz\u0103 cu persoane afectate de problemele legate de jocurile de noroc.<\/li><li>Dezvoltarea \u0219i promovarea programelor de activitate fizic\u0103 ca parte a strategiilor terapeutice pentru recuperare.<\/li><\/ul><p>Promovarea colabor\u0103rii multidisciplinare \u00eentre organiza\u021biile sportive, institu\u021biile de s\u0103n\u0103tate mintal\u0103 \u0219i organismele educa\u021bionale din \u00eentreaga Europ\u0103.<\/p>\t\t\t\t\t\t\t\t<\/div>\n\t\t\t\t<\/div>\n\t\t\t\t<\/div>\n\t\t<div class=\"elementor-element elementor-element-3ab2f43 e-con-full e-flex e-con e-child\" data-id=\"3ab2f43\" data-element_type=\"container\">\n\t\t\t\t<div class=\"elementor-element elementor-element-4707b3f elementor-widget elementor-widget-image\" data-id=\"4707b3f\" data-element_type=\"widget\" data-settings=\"{&quot;motion_fx_motion_fx_mouse&quot;:&quot;yes&quot;,&quot;motion_fx_mouseTrack_effect&quot;:&quot;yes&quot;,&quot;motion_fx_mouseTrack_speed&quot;:{&quot;unit&quot;:&quot;px&quot;,&quot;size&quot;:0.5,&quot;sizes&quot;:[]}}\" data-widget_type=\"image.default\">\n\t\t\t\t<div class=\"elementor-widget-container\">\n\t\t\t\t\t\t\t\t\t\t\t\t<figure class=\"wp-caption\">\n\t\t\t\t\t\t\t\t\t\t<img fetchpriority=\"high\" decoding=\"async\" width=\"500\" height=\"500\" src=\"https:\/\/betonsportproject.eu\/wp-content\/uploads\/2025\/02\/physical_activity.png\" class=\"attachment-full size-full wp-image-446\" alt=\"\" srcset=\"https:\/\/betonsportproject.eu\/wp-content\/uploads\/2025\/02\/physical_activity.png 500w, https:\/\/betonsportproject.eu\/wp-content\/uploads\/2025\/02\/physical_activity-300x300.png 300w, https:\/\/betonsportproject.eu\/wp-content\/uploads\/2025\/02\/physical_activity-150x150.png 150w\" sizes=\"(max-width: 500px) 100vw, 500px\" \/>\t\t\t\t\t\t\t\t\t\t\t<figcaption class=\"widget-image-caption wp-caption-text\">Image by vectorjuice on Freepik<\/figcaption>\n\t\t\t\t\t\t\t\t\t\t<\/figure>\n\t\t\t\t\t\t\t\t\t<\/div>\n\t\t\t\t<\/div>\n\t\t\t\t<\/div>\n\t\t\t\t<\/div>\n\t\t<div class=\"elementor-element elementor-element-f7c5888 e-con-full e-flex e-con e-child\" data-id=\"f7c5888\" data-element_type=\"container\">\n\t\t<div class=\"elementor-element elementor-element-2f65e39 e-con-full e-flex e-con e-child\" data-id=\"2f65e39\" data-element_type=\"container\" data-settings=\"{&quot;background_background&quot;:&quot;classic&quot;}\">\n\t\t\t\t<div class=\"elementor-element elementor-element-d1723b9 elementor-widget elementor-widget-heading\" data-id=\"d1723b9\" data-element_type=\"widget\" data-widget_type=\"heading.default\">\n\t\t\t\t<div class=\"elementor-widget-container\">\n\t\t\t\t\t<h2 class=\"elementor-heading-title elementor-size-default\">Impactul nostru<\/h2>\t\t\t\t<\/div>\n\t\t\t\t<\/div>\n\t\t\t\t<\/div>\n\t\t<div class=\"elementor-element elementor-element-9d7e001 e-con-full e-flex e-con e-child\" data-id=\"9d7e001\" data-element_type=\"container\" data-settings=\"{&quot;background_background&quot;:&quot;classic&quot;}\">\n\t\t\t\t<div class=\"elementor-element elementor-element-7b10ba2 elementor-widget elementor-widget-text-editor\" data-id=\"7b10ba2\" data-element_type=\"widget\" data-widget_type=\"text-editor.default\">\n\t\t\t\t<div class=\"elementor-widget-container\">\n\t\t\t\t\t\t\t\t\t<p><strong>Bet on Sport<\/strong> este mai mult dec\u00e2t un simplu proiect: este o mi\u0219care c\u0103tre comunit\u0103\u021bi mai s\u0103n\u0103toase. Prin responsabilizarea indivizilor prin sport, ne propunem s\u0103 cre\u0103m un mediu de sus\u021binere care reduce stigmatizarea, \u00eencurajeaz\u0103 schimb\u0103rile comportamentale pozitive \u0219i consolideaz\u0103 s\u0103n\u0103tatea mintal\u0103. Prin colaborarea interna\u021bional\u0103, cre\u0103m solu\u021bii durabile care vor continua s\u0103 aduc\u0103 beneficii persoanelor \u0219i comunit\u0103\u021bilor mult timp dup\u0103 finalizarea proiectului.<\/p>\t\t\t\t\t\t\t\t<\/div>\n\t\t\t\t<\/div>\n\t\t\t\t<\/div>\n\t\t\t\t<\/div>\n\t\t\t\t\t<\/div>\n\t\t\t\t<\/div>\n\t\t\t\t<\/div>\n\t\t","protected":false},"excerpt":{"rendered":"<p>Bet on Sport este o ini\u021biativ\u0103 european\u0103 finan\u021bat\u0103 prin programul Erasmus+, conceput\u0103 pentru a combate dependen\u021ba de jocurile de noroc sportive prin puterea activit\u0103\u021bii fizice. Proiectul \u00ee\u0219i propune s\u0103 creeze interven\u021bii inovatoare, bazate pe sport, care s\u0103 sprijine s\u0103n\u0103tatea mintal\u0103, s\u0103 promoveze stiluri de via\u021b\u0103 mai s\u0103n\u0103toase \u0219i s\u0103 \u00eencurajeze incluziunea social\u0103 \u00een \u00eentreaga Europ\u0103. [&hellip;]<\/p>\n","protected":false},"author":2,"featured_media":0,"parent":0,"menu_order":0,"comment_status":"closed","ping_status":"closed","template":"","meta":{"footnotes":""},"class_list":["post-931","page","type-page","status-publish","hentry"],"_links":{"self":[{"href":"https:\/\/betonsportproject.eu\/ro\/wp-json\/wp\/v2\/pages\/931","targetHints":{"allow":["GET"]}}],"collection":[{"href":"https:\/\/betonsportproject.eu\/ro\/wp-json\/wp\/v2\/pages"}],"about":[{"href":"https:\/\/betonsportproject.eu\/ro\/wp-json\/wp\/v2\/types\/page"}],"author":[{"embeddable":true,"href":"https:\/\/betonsportproject.eu\/ro\/wp-json\/wp\/v2\/users\/2"}],"replies":[{"embeddable":true,"href":"https:\/\/betonsportproject.eu\/ro\/wp-json\/wp\/v2\/comments?post=931"}],"version-history":[{"count":3,"href":"https:\/\/betonsportproject.eu\/ro\/wp-json\/wp\/v2\/pages\/931\/revisions"}],"predecessor-version":[{"id":952,"href":"https:\/\/betonsportproject.eu\/ro\/wp-json\/wp\/v2\/pages\/931\/revisions\/952"}],"wp:attachment":[{"href":"https:\/\/betonsportproject.eu\/ro\/wp-json\/wp\/v2\/media?parent=931"}],"curies":[{"name":"wp","href":"https:\/\/api.w.org\/{rel}","templated":true}]}}