{"id":729,"date":"2025-02-06T11:21:40","date_gmt":"2025-02-06T11:21:40","guid":{"rendered":"https:\/\/betonsportproject.eu\/activities-gallery\/"},"modified":"2025-05-06T09:25:36","modified_gmt":"2025-05-06T09:25:36","slug":"activities-gallery","status":"publish","type":"page","link":"https:\/\/betonsportproject.eu\/tr\/activities-gallery\/","title":{"rendered":"Etkinlikler &#038; Galeri"},"content":{"rendered":"\t\t<div data-elementor-type=\"wp-page\" data-elementor-id=\"729\" class=\"elementor elementor-729 elementor-133\" data-elementor-post-type=\"page\">\n\t\t\t\t<div class=\"elementor-element elementor-element-c3e23ab e-flex e-con-boxed e-con e-parent\" data-id=\"c3e23ab\" data-element_type=\"container\">\n\t\t\t\t\t<div class=\"e-con-inner\">\n\t\t\t\t<div class=\"elementor-element elementor-element-8120a96 elementor-widget elementor-widget-heading\" data-id=\"8120a96\" data-element_type=\"widget\" data-widget_type=\"heading.default\">\n\t\t\t\t<div class=\"elementor-widget-container\">\n\t\t\t\t\t<h2 class=\"elementor-heading-title elementor-size-default\">Etkinlikler &#038; Galeri<\/h2>\t\t\t\t<\/div>\n\t\t\t\t<\/div>\n\t\t<div class=\"elementor-element elementor-element-1b65f4b e-con-full e-flex e-con e-child\" data-id=\"1b65f4b\" data-element_type=\"container\">\n\t\t<div class=\"elementor-element elementor-element-0d875da e-con-full e-flex e-con e-child\" data-id=\"0d875da\" data-element_type=\"container\">\n\t\t\t\t<div class=\"elementor-element elementor-element-7c00cb4 elementor-widget elementor-widget-image\" data-id=\"7c00cb4\" data-element_type=\"widget\" data-settings=\"{&quot;motion_fx_motion_fx_mouse&quot;:&quot;yes&quot;,&quot;motion_fx_mouseTrack_effect&quot;:&quot;yes&quot;,&quot;motion_fx_mouseTrack_speed&quot;:{&quot;unit&quot;:&quot;px&quot;,&quot;size&quot;:0.5,&quot;sizes&quot;:[]}}\" data-widget_type=\"image.default\">\n\t\t\t\t<div class=\"elementor-widget-container\">\n\t\t\t\t\t\t\t\t\t\t\t\t<figure class=\"wp-caption\">\n\t\t\t\t\t\t\t\t\t\t<img fetchpriority=\"high\" decoding=\"async\" width=\"500\" height=\"500\" src=\"https:\/\/betonsportproject.eu\/wp-content\/uploads\/2025\/02\/Activities.png\" class=\"attachment-full size-full wp-image-730\" alt=\"\" srcset=\"https:\/\/betonsportproject.eu\/wp-content\/uploads\/2025\/02\/Activities.png 500w, https:\/\/betonsportproject.eu\/wp-content\/uploads\/2025\/02\/Activities-300x300.png 300w, https:\/\/betonsportproject.eu\/wp-content\/uploads\/2025\/02\/Activities-150x150.png 150w\" sizes=\"(max-width: 500px) 100vw, 500px\" \/>\t\t\t\t\t\t\t\t\t\t\t<figcaption class=\"widget-image-caption wp-caption-text\">Image by vectorjuice on Freepik<\/figcaption>\n\t\t\t\t\t\t\t\t\t\t<\/figure>\n\t\t\t\t\t\t\t\t\t<\/div>\n\t\t\t\t<\/div>\n\t\t\t\t<\/div>\n\t\t<div class=\"elementor-element elementor-element-0cc18f2 e-con-full e-flex e-con e-child\" data-id=\"0cc18f2\" data-element_type=\"container\">\n\t\t\t\t<div class=\"elementor-element elementor-element-d57e0b8 elementor-widget elementor-widget-text-editor\" data-id=\"d57e0b8\" data-element_type=\"widget\" data-widget_type=\"text-editor.default\">\n\t\t\t\t<div class=\"elementor-widget-container\">\n\t\t\t\t\t\t\t\t\t<p><strong>Bet on Sport <\/strong>fiziksel aktivitenin d\u00f6n\u00fc\u015ft\u00fcr\u00fcc\u00fc g\u00fcc\u00fc arac\u0131l\u0131\u011f\u0131yla sporda kumar ba\u011f\u0131ml\u0131l\u0131\u011f\u0131ndan etkilenen bireyleri desteklemek i\u00e7in tasarlanm\u0131\u015f \u00e7ok \u00e7e\u015fitli etkinlikler d\u00fczenlemektedir. Giri\u015fimlerimiz zihinsel refah\u0131 geli\u015ftirmeyi, sa\u011fl\u0131kl\u0131 al\u0131\u015fkanl\u0131klar\u0131 te\u015fvik etmeyi ve farkl\u0131 topluluklar aras\u0131nda sosyal i\u00e7ermeyi desteklemeyi ama\u00e7lamaktad\u0131r.<\/p><p>E\u011fitim at\u00f6lyeleri ve profesyonel e\u011fitim oturumlar\u0131ndan yerel spor etkinliklerine ve fark\u0131ndal\u0131k kampanyalar\u0131na kadar, faaliyetlerimiz hem bireylerin hem de topluluklar\u0131n ilgisini \u00e7ekecek \u015fekilde tasarlanm\u0131\u015ft\u0131r. Bu programlar yaln\u0131zca iyile\u015fme i\u00e7in ara\u00e7lar sa\u011flamakla kalm\u0131yor, ayn\u0131 zamanda ba\u011flant\u0131, dayan\u0131kl\u0131l\u0131k ve ki\u015fisel geli\u015fim i\u00e7in de f\u0131rsatlar yarat\u0131yor.<\/p><p><em>Yak\u0131nda eklenecek at\u00f6lye \u00e7al\u0131\u015fmalar\u0131m\u0131z, topluluk etkinliklerimiz ve \u00f6zel e\u011fitim programlar\u0131m\u0131z hakk\u0131nda ayr\u0131nt\u0131l\u0131 bilgi i\u00e7in bizi izlemeye devam edin.<\/em><\/p>\t\t\t\t\t\t\t\t<\/div>\n\t\t\t\t<\/div>\n\t\t\t\t<\/div>\n\t\t\t\t<\/div>\n\t\t\t\t<div class=\"elementor-element elementor-element-d6f151b elementor-widget-divider--separator-type-pattern elementor-widget-divider--view-line elementor-widget elementor-widget-divider\" data-id=\"d6f151b\" data-element_type=\"widget\" data-widget_type=\"divider.default\">\n\t\t\t\t<div class=\"elementor-widget-container\">\n\t\t\t\t\t\t\t<div class=\"elementor-divider\" style=\"--divider-pattern-url: url(&quot;data:image\/svg+xml,%3Csvg xmlns=&#039;http:\/\/www.w3.org\/2000\/svg&#039; preserveAspectRatio=&#039;none&#039; overflow=&#039;visible&#039; height=&#039;100%&#039; viewBox=&#039;0 0 20 16&#039; fill=&#039;none&#039; stroke=&#039;black&#039; stroke-width=&#039;1&#039; stroke-linecap=&#039;square&#039; stroke-miterlimit=&#039;10&#039;%3E%3Cg transform=&#039;translate(-12.000000, 0)&#039;%3E%3Cpath d=&#039;M28,0L10,18&#039;\/%3E%3Cpath d=&#039;M18,0L0,18&#039;\/%3E%3Cpath d=&#039;M48,0L30,18&#039;\/%3E%3Cpath d=&#039;M38,0L20,18&#039;\/%3E%3C\/g%3E%3C\/svg%3E&quot;);\">\n\t\t\t<span class=\"elementor-divider-separator\">\n\t\t\t\t\t\t<\/span>\n\t\t<\/div>\n\t\t\t\t\t\t<\/div>\n\t\t\t\t<\/div>\n\t\t<div class=\"elementor-element elementor-element-b36f560 e-con-full e-flex e-con e-child\" data-id=\"b36f560\" data-element_type=\"container\">\n\t\t<div class=\"elementor-element elementor-element-05ca449 e-con-full e-flex e-con e-child\" data-id=\"05ca449\" data-element_type=\"container\">\n\t\t\t\t<div class=\"elementor-element elementor-element-f9151f0 elementor-widget elementor-widget-text-editor\" data-id=\"f9151f0\" data-element_type=\"widget\" data-widget_type=\"text-editor.default\">\n\t\t\t\t<div class=\"elementor-widget-container\">\n\t\t\t\t\t\t\t\t\t<p>Bizim <strong>galeri <\/strong>Bet on Sport projesinin canl\u0131 anlar\u0131n\u0131 ve etkili deneyimlerini sergileyecek. Foto\u011fraflar ve videolar arac\u0131l\u0131\u011f\u0131yla faaliyetlerimizin \u00f6z\u00fcn\u00fc, kat\u0131l\u0131mc\u0131lar\u0131n enerjisini ve sporun yol a\u00e7t\u0131\u011f\u0131 olumlu d\u00f6n\u00fc\u015f\u00fcmleri yakalamay\u0131 ama\u00e7l\u0131yoruz.<\/p><p>Burada, projenin kilometre ta\u015flar\u0131 boyunca g\u00f6rsel bir yolculuk sunan e\u011fitim oturumlar\u0131ndan, topluluk etkinliklerinden, fark\u0131ndal\u0131k kampanyalar\u0131ndan ve daha fazlas\u0131ndan ilham verici vurgular bulacaks\u0131n\u0131z.<\/p>\t\t\t\t\t\t\t\t<\/div>\n\t\t\t\t<\/div>\n\t\t\t\t<\/div>\n\t\t<div class=\"elementor-element elementor-element-32085dc e-con-full e-flex e-con e-child\" data-id=\"32085dc\" data-element_type=\"container\">\n\t\t\t\t<div class=\"elementor-element elementor-element-78db63f elementor-widget elementor-widget-image\" data-id=\"78db63f\" data-element_type=\"widget\" data-settings=\"{&quot;motion_fx_motion_fx_mouse&quot;:&quot;yes&quot;,&quot;motion_fx_mouseTrack_effect&quot;:&quot;yes&quot;,&quot;motion_fx_mouseTrack_speed&quot;:{&quot;unit&quot;:&quot;px&quot;,&quot;size&quot;:0.5,&quot;sizes&quot;:[]}}\" data-widget_type=\"image.default\">\n\t\t\t\t<div class=\"elementor-widget-container\">\n\t\t\t\t\t\t\t\t\t\t\t\t<figure class=\"wp-caption\">\n\t\t\t\t\t\t\t\t\t\t<img decoding=\"async\" width=\"500\" height=\"500\" src=\"https:\/\/betonsportproject.eu\/wp-content\/uploads\/2025\/02\/gallery.png\" class=\"attachment-full size-full wp-image-739\" alt=\"\" srcset=\"https:\/\/betonsportproject.eu\/wp-content\/uploads\/2025\/02\/gallery.png 500w, https:\/\/betonsportproject.eu\/wp-content\/uploads\/2025\/02\/gallery-300x300.png 300w, https:\/\/betonsportproject.eu\/wp-content\/uploads\/2025\/02\/gallery-150x150.png 150w\" sizes=\"(max-width: 500px) 100vw, 500px\" \/>\t\t\t\t\t\t\t\t\t\t\t<figcaption class=\"widget-image-caption wp-caption-text\">Image by vectorjuice on Freepik<\/figcaption>\n\t\t\t\t\t\t\t\t\t\t<\/figure>\n\t\t\t\t\t\t\t\t\t<\/div>\n\t\t\t\t<\/div>\n\t\t\t\t<\/div>\n\t\t\t\t<\/div>\n\t\t\t\t\t<\/div>\n\t\t\t\t<\/div>\n\t\t\t\t<\/div>\n\t\t","protected":false},"excerpt":{"rendered":"<p>Image by vectorjuice on Freepik Bet on Sport fiziksel aktivitenin d\u00f6n\u00fc\u015ft\u00fcr\u00fcc\u00fc g\u00fcc\u00fc arac\u0131l\u0131\u011f\u0131yla sporda kumar ba\u011f\u0131ml\u0131l\u0131\u011f\u0131ndan etkilenen bireyleri desteklemek i\u00e7in tasarlanm\u0131\u015f \u00e7ok \u00e7e\u015fitli etkinlikler d\u00fczenlemektedir. Giri\u015fimlerimiz zihinsel refah\u0131 geli\u015ftirmeyi, sa\u011fl\u0131kl\u0131 al\u0131\u015fkanl\u0131klar\u0131 te\u015fvik etmeyi ve farkl\u0131 topluluklar aras\u0131nda sosyal i\u00e7ermeyi desteklemeyi ama\u00e7lamaktad\u0131r. E\u011fitim at\u00f6lyeleri ve profesyonel e\u011fitim oturumlar\u0131ndan yerel spor etkinliklerine ve fark\u0131ndal\u0131k kampanyalar\u0131na kadar, faaliyetlerimiz [&hellip;]<\/p>\n","protected":false},"author":2,"featured_media":0,"parent":0,"menu_order":0,"comment_status":"closed","ping_status":"closed","template":"","meta":{"footnotes":""},"class_list":["post-729","page","type-page","status-publish","hentry"],"_links":{"self":[{"href":"https:\/\/betonsportproject.eu\/tr\/wp-json\/wp\/v2\/pages\/729","targetHints":{"allow":["GET"]}}],"collection":[{"href":"https:\/\/betonsportproject.eu\/tr\/wp-json\/wp\/v2\/pages"}],"about":[{"href":"https:\/\/betonsportproject.eu\/tr\/wp-json\/wp\/v2\/types\/page"}],"author":[{"embeddable":true,"href":"https:\/\/betonsportproject.eu\/tr\/wp-json\/wp\/v2\/users\/2"}],"replies":[{"embeddable":true,"href":"https:\/\/betonsportproject.eu\/tr\/wp-json\/wp\/v2\/comments?post=729"}],"version-history":[{"count":3,"href":"https:\/\/betonsportproject.eu\/tr\/wp-json\/wp\/v2\/pages\/729\/revisions"}],"predecessor-version":[{"id":742,"href":"https:\/\/betonsportproject.eu\/tr\/wp-json\/wp\/v2\/pages\/729\/revisions\/742"}],"wp:attachment":[{"href":"https:\/\/betonsportproject.eu\/tr\/wp-json\/wp\/v2\/media?parent=729"}],"curies":[{"name":"wp","href":"https:\/\/api.w.org\/{rel}","templated":true}]}}