{"id":934,"date":"2025-02-06T11:17:51","date_gmt":"2025-02-06T11:17:51","guid":{"rendered":"https:\/\/betonsportproject.eu\/the-project\/"},"modified":"2025-05-06T13:16:40","modified_gmt":"2025-05-06T13:16:40","slug":"the-project","status":"publish","type":"page","link":"https:\/\/betonsportproject.eu\/tr\/the-project\/","title":{"rendered":"Proje"},"content":{"rendered":"\t\t<div data-elementor-type=\"wp-page\" data-elementor-id=\"934\" class=\"elementor elementor-934 elementor-122\" data-elementor-post-type=\"page\">\n\t\t\t\t<div class=\"elementor-element elementor-element-10094e1 e-flex e-con-boxed e-con e-parent\" data-id=\"10094e1\" data-element_type=\"container\">\n\t\t\t\t\t<div class=\"e-con-inner\">\n\t\t\t\t<div class=\"elementor-element elementor-element-d004aa8 elementor-widget elementor-widget-heading\" data-id=\"d004aa8\" data-element_type=\"widget\" data-widget_type=\"heading.default\">\n\t\t\t\t<div class=\"elementor-widget-container\">\n\t\t\t\t\t<h2 class=\"elementor-heading-title elementor-size-default\">Proje<\/h2>\t\t\t\t<\/div>\n\t\t\t\t<\/div>\n\t\t<div class=\"elementor-element elementor-element-68b78e2 e-con-full e-flex e-con e-child\" data-id=\"68b78e2\" data-element_type=\"container\">\n\t\t<div class=\"elementor-element elementor-element-fba989f e-con-full e-flex e-con e-child\" data-id=\"fba989f\" data-element_type=\"container\">\n\t\t\t\t<div class=\"elementor-element elementor-element-f07dd5a elementor-widget elementor-widget-text-editor\" data-id=\"f07dd5a\" data-element_type=\"widget\" data-widget_type=\"text-editor.default\">\n\t\t\t\t<div class=\"elementor-widget-container\">\n\t\t\t\t\t\t\t\t\t<p><strong>Bet on Sport<\/strong> Erasmus+ program\u0131 taraf\u0131ndan finanse edilen ve fiziksel aktivitenin g\u00fcc\u00fcyle sporda kumar ba\u011f\u0131ml\u0131l\u0131\u011f\u0131yla m\u00fccadele etmek i\u00e7in tasarlanm\u0131\u015f bir Avrupa giri\u015fimidir. Proje, ruh sa\u011fl\u0131\u011f\u0131n\u0131 destekleyen, daha sa\u011fl\u0131kl\u0131 ya\u015fam tarzlar\u0131n\u0131 te\u015fvik eden ve Avrupa \u00e7ap\u0131nda sosyal i\u00e7ermeyi te\u015fvik eden yenilik\u00e7i, spor temelli m\u00fcdahaleler yaratmay\u0131 ama\u00e7lamaktad\u0131r<\/p><p><strong>Hedefler:<\/strong><\/p><ul><li>Toplumlarda ve spor \u00e7evrelerinde sporda kumar ba\u011f\u0131ml\u0131l\u0131\u011f\u0131n\u0131n riskleri hakk\u0131nda fark\u0131ndal\u0131k yaratmak.<\/li><li>Kumarla ilgili sorunlardan etkilenen bireylerle \u00e7al\u0131\u015fan profesyoneller i\u00e7in e\u011fitim kaynaklar\u0131 ve e\u011fitim programlar\u0131 sa\u011flamak.<br \/>\u0130yile\u015fme i\u00e7in terap\u00f6tik stratejilerin bir par\u00e7as\u0131<\/li><li>olarak fiziksel aktivite programlar\u0131 geli\u015ftirmek ve te\u015fvik etmek.<\/li><\/ul><p>Avrupa&#8217;daki spor kurulu\u015flar\u0131, ruh sa\u011fl\u0131\u011f\u0131 kurumlar\u0131 ve e\u011fitim kurumlar\u0131 aras\u0131nda sekt\u00f6rler aras\u0131 i\u015fbirli\u011fini te\u015fvik etmek.<\/p>\t\t\t\t\t\t\t\t<\/div>\n\t\t\t\t<\/div>\n\t\t\t\t<\/div>\n\t\t<div class=\"elementor-element elementor-element-3ab2f43 e-con-full e-flex e-con e-child\" data-id=\"3ab2f43\" data-element_type=\"container\">\n\t\t\t\t<div class=\"elementor-element elementor-element-4707b3f elementor-widget elementor-widget-image\" data-id=\"4707b3f\" data-element_type=\"widget\" data-settings=\"{&quot;motion_fx_motion_fx_mouse&quot;:&quot;yes&quot;,&quot;motion_fx_mouseTrack_effect&quot;:&quot;yes&quot;,&quot;motion_fx_mouseTrack_speed&quot;:{&quot;unit&quot;:&quot;px&quot;,&quot;size&quot;:0.5,&quot;sizes&quot;:[]}}\" data-widget_type=\"image.default\">\n\t\t\t\t<div class=\"elementor-widget-container\">\n\t\t\t\t\t\t\t\t\t\t\t\t<figure class=\"wp-caption\">\n\t\t\t\t\t\t\t\t\t\t<img fetchpriority=\"high\" decoding=\"async\" width=\"500\" height=\"500\" src=\"https:\/\/betonsportproject.eu\/wp-content\/uploads\/2025\/02\/physical_activity.png\" class=\"attachment-full size-full wp-image-935\" alt=\"\" srcset=\"https:\/\/betonsportproject.eu\/wp-content\/uploads\/2025\/02\/physical_activity.png 500w, https:\/\/betonsportproject.eu\/wp-content\/uploads\/2025\/02\/physical_activity-300x300.png 300w, https:\/\/betonsportproject.eu\/wp-content\/uploads\/2025\/02\/physical_activity-150x150.png 150w\" sizes=\"(max-width: 500px) 100vw, 500px\" \/>\t\t\t\t\t\t\t\t\t\t\t<figcaption class=\"widget-image-caption wp-caption-text\">Image by vectorjuice on Freepik<\/figcaption>\n\t\t\t\t\t\t\t\t\t\t<\/figure>\n\t\t\t\t\t\t\t\t\t<\/div>\n\t\t\t\t<\/div>\n\t\t\t\t<\/div>\n\t\t\t\t<\/div>\n\t\t<div class=\"elementor-element elementor-element-f7c5888 e-con-full e-flex e-con e-child\" data-id=\"f7c5888\" data-element_type=\"container\">\n\t\t<div class=\"elementor-element elementor-element-2f65e39 e-con-full e-flex e-con e-child\" data-id=\"2f65e39\" data-element_type=\"container\" data-settings=\"{&quot;background_background&quot;:&quot;classic&quot;}\">\n\t\t\t\t<div class=\"elementor-element elementor-element-d1723b9 elementor-widget elementor-widget-heading\" data-id=\"d1723b9\" data-element_type=\"widget\" data-widget_type=\"heading.default\">\n\t\t\t\t<div class=\"elementor-widget-container\">\n\t\t\t\t\t<h2 class=\"elementor-heading-title elementor-size-default\">Bizim Etkimiz<\/h2>\t\t\t\t<\/div>\n\t\t\t\t<\/div>\n\t\t\t\t<\/div>\n\t\t<div class=\"elementor-element elementor-element-9d7e001 e-con-full e-flex e-con e-child\" data-id=\"9d7e001\" data-element_type=\"container\" data-settings=\"{&quot;background_background&quot;:&quot;classic&quot;}\">\n\t\t\t\t<div class=\"elementor-element elementor-element-7b10ba2 elementor-widget elementor-widget-text-editor\" data-id=\"7b10ba2\" data-element_type=\"widget\" data-widget_type=\"text-editor.default\">\n\t\t\t\t<div class=\"elementor-widget-container\">\n\t\t\t\t\t\t\t\t\t<p><strong>Bet on Sport<\/strong> bir projeden daha fazlas\u0131d\u0131r: daha sa\u011fl\u0131kl\u0131 toplumlara y\u00f6nelik bir harekettir. Spor yoluyla bireyleri g\u00fc\u00e7lendirerek, damgalanmay\u0131 azaltan, olumlu davran\u0131\u015f de\u011fi\u015fikliklerini te\u015fvik eden ve ruh sa\u011fl\u0131\u011f\u0131n\u0131 g\u00fc\u00e7lendiren destekleyici bir ortam olu\u015fturmay\u0131 ama\u00e7l\u0131yoruz. Uluslararas\u0131 i\u015fbirli\u011fi sayesinde, proje tamamland\u0131ktan uzun s\u00fcre sonra da bireylere ve toplumlara fayda sa\u011flamaya devam edecek s\u00fcrd\u00fcr\u00fclebilir \u00e7\u00f6z\u00fcmler \u00fcretiyoruz.<\/p>\t\t\t\t\t\t\t\t<\/div>\n\t\t\t\t<\/div>\n\t\t\t\t<\/div>\n\t\t\t\t<\/div>\n\t\t\t\t\t<\/div>\n\t\t\t\t<\/div>\n\t\t\t\t<\/div>\n\t\t","protected":false},"excerpt":{"rendered":"<p>Bet on Sport Erasmus+ program\u0131 taraf\u0131ndan finanse edilen ve fiziksel aktivitenin g\u00fcc\u00fcyle sporda kumar ba\u011f\u0131ml\u0131l\u0131\u011f\u0131yla m\u00fccadele etmek i\u00e7in tasarlanm\u0131\u015f bir Avrupa giri\u015fimidir. Proje, ruh sa\u011fl\u0131\u011f\u0131n\u0131 destekleyen, daha sa\u011fl\u0131kl\u0131 ya\u015fam tarzlar\u0131n\u0131 te\u015fvik eden ve Avrupa \u00e7ap\u0131nda sosyal i\u00e7ermeyi te\u015fvik eden yenilik\u00e7i, spor temelli m\u00fcdahaleler yaratmay\u0131 ama\u00e7lamaktad\u0131r Hedefler: Toplumlarda ve spor \u00e7evrelerinde sporda kumar ba\u011f\u0131ml\u0131l\u0131\u011f\u0131n\u0131n riskleri hakk\u0131nda [&hellip;]<\/p>\n","protected":false},"author":2,"featured_media":0,"parent":0,"menu_order":0,"comment_status":"closed","ping_status":"closed","template":"","meta":{"footnotes":""},"class_list":["post-934","page","type-page","status-publish","hentry"],"_links":{"self":[{"href":"https:\/\/betonsportproject.eu\/tr\/wp-json\/wp\/v2\/pages\/934","targetHints":{"allow":["GET"]}}],"collection":[{"href":"https:\/\/betonsportproject.eu\/tr\/wp-json\/wp\/v2\/pages"}],"about":[{"href":"https:\/\/betonsportproject.eu\/tr\/wp-json\/wp\/v2\/types\/page"}],"author":[{"embeddable":true,"href":"https:\/\/betonsportproject.eu\/tr\/wp-json\/wp\/v2\/users\/2"}],"replies":[{"embeddable":true,"href":"https:\/\/betonsportproject.eu\/tr\/wp-json\/wp\/v2\/comments?post=934"}],"version-history":[{"count":3,"href":"https:\/\/betonsportproject.eu\/tr\/wp-json\/wp\/v2\/pages\/934\/revisions"}],"predecessor-version":[{"id":940,"href":"https:\/\/betonsportproject.eu\/tr\/wp-json\/wp\/v2\/pages\/934\/revisions\/940"}],"wp:attachment":[{"href":"https:\/\/betonsportproject.eu\/tr\/wp-json\/wp\/v2\/media?parent=934"}],"curies":[{"name":"wp","href":"https:\/\/api.w.org\/{rel}","templated":true}]}}